{"id":11270,"date":"2023-12-19T21:14:42","date_gmt":"2023-12-20T02:14:42","guid":{"rendered":"https:\/\/finhabits.com\/promotions-dtf\/"},"modified":"2024-01-01T00:00:16","modified_gmt":"2024-01-01T08:00:16","slug":"promociones-dtf","status":"publish","type":"page","link":"https:\/\/www.finhabits.com\/es\/promociones-dtf\/","title":{"rendered":"promociones-dtf"},"content":{"rendered":"\t\t<div data-elementor-type=\"wp-page\" data-elementor-id=\"11270\" class=\"elementor elementor-11270\" data-elementor-post-type=\"page\">\n\t\t\t\t\t\t<section class=\"elementor-section elementor-top-section elementor-element elementor-element-535bfac elementor-hidden-desktop elementor-hidden-tablet elementor-hidden-mobile_extra elementor-hidden-mobile elementor-section-boxed elementor-section-height-default elementor-section-height-default\" data-id=\"535bfac\" data-element_type=\"section\" data-e-type=\"section\">\n\t\t\t\t\t\t\t<div class=\"elementor-background-overlay\"><\/div>\n\t\t\t\t\t\t\t<div class=\"elementor-container elementor-column-gap-default\">\n\t\t\t\t\t<div class=\"elementor-column elementor-col-100 elementor-top-column elementor-element elementor-element-529c06b\" data-id=\"529c06b\" data-element_type=\"column\" data-e-type=\"column\">\n\t\t\t<div class=\"elementor-widget-wrap elementor-element-populated\">\n\t\t\t\t\t\t<section class=\"elementor-section elementor-inner-section elementor-element elementor-element-bc5a976 elementor-section-boxed elementor-section-height-default elementor-section-height-default\" data-id=\"bc5a976\" data-element_type=\"section\" data-e-type=\"section\">\n\t\t\t\t\t\t<div class=\"elementor-container elementor-column-gap-default\">\n\t\t\t\t\t<div class=\"elementor-column elementor-col-50 elementor-inner-column elementor-element elementor-element-95d0ff3\" data-id=\"95d0ff3\" data-element_type=\"column\" data-e-type=\"column\" data-settings=\"{&quot;background_background&quot;:&quot;classic&quot;}\">\n\t\t\t<div class=\"elementor-widget-wrap elementor-element-populated\">\n\t\t\t\t\t\t<div class=\"elementor-element elementor-element-3fa6f95 elementor-widget elementor-widget-text-editor\" data-id=\"3fa6f95\" data-element_type=\"widget\" data-e-type=\"widget\" data-widget_type=\"text-editor.default\">\n\t\t\t\t<div class=\"elementor-widget-container\">\n\t\t\t\t\t\t\t\t\t<p class=\"p1\" style=\"text-align: center;\">Seasonal message, new years resolution ???<\/p>\t\t\t\t\t\t\t\t<\/div>\n\t\t\t\t<\/div>\n\t\t\t\t\t<\/div>\n\t\t<\/div>\n\t\t\t\t<div class=\"elementor-column elementor-col-50 elementor-inner-column elementor-element elementor-element-dc7cbb2\" data-id=\"dc7cbb2\" data-element_type=\"column\" data-e-type=\"column\">\n\t\t\t<div class=\"elementor-widget-wrap\">\n\t\t\t\t\t\t\t<\/div>\n\t\t<\/div>\n\t\t\t\t\t<\/div>\n\t\t<\/section>\n\t\t\t\t\t<\/div>\n\t\t<\/div>\n\t\t\t\t\t<\/div>\n\t\t<\/section>\n\t\t\t\t<section class=\"elementor-section elementor-top-section elementor-element elementor-element-beef1f5 elementor-section-full_width elementor-section-stretched elementor-section-height-default elementor-section-height-default\" data-id=\"beef1f5\" data-element_type=\"section\" data-e-type=\"section\" data-settings=\"{&quot;stretch_section&quot;:&quot;section-stretched&quot;}\">\n\t\t\t\t\t\t<div class=\"elementor-container elementor-column-gap-no\">\n\t\t\t\t\t<div class=\"elementor-column elementor-col-100 elementor-top-column elementor-element elementor-element-26f3c45\" data-id=\"26f3c45\" data-element_type=\"column\" data-e-type=\"column\">\n\t\t\t<div class=\"elementor-widget-wrap\">\n\t\t\t\t\t\t\t<\/div>\n\t\t<\/div>\n\t\t\t\t\t<\/div>\n\t\t<\/section>\n\t\t\t\t<section class=\"elementor-section elementor-top-section elementor-element elementor-element-31d08f4 elementor-section-boxed elementor-section-height-default elementor-section-height-default\" data-id=\"31d08f4\" data-element_type=\"section\" data-e-type=\"section\">\n\t\t\t\t\t\t<div class=\"elementor-container elementor-column-gap-default\">\n\t\t\t\t\t<div class=\"elementor-column elementor-col-50 elementor-top-column elementor-element elementor-element-fb374de\" data-id=\"fb374de\" data-element_type=\"column\" data-e-type=\"column\">\n\t\t\t<div class=\"elementor-widget-wrap elementor-element-populated\">\n\t\t\t\t\t\t<div class=\"elementor-element elementor-element-28a3067 elementor-widget elementor-widget-image\" data-id=\"28a3067\" data-element_type=\"widget\" data-e-type=\"widget\" data-widget_type=\"image.default\">\n\t\t\t\t<div class=\"elementor-widget-container\">\n\t\t\t\t\t\t\t\t\t\t\t\t\t\t\t<img decoding=\"async\" width=\"800\" height=\"720\" src=\"https:\/\/www.finhabits.com\/wp-content\/uploads\/2023\/12\/finance-03.jpg\" class=\"attachment-large size-large wp-image-11380\" alt=\"\" srcset=\"https:\/\/www.finhabits.com\/wp-content\/uploads\/2023\/12\/finance-03.jpg 800w, https:\/\/www.finhabits.com\/wp-content\/uploads\/2023\/12\/finance-03-300x270.jpg 300w, https:\/\/www.finhabits.com\/wp-content\/uploads\/2023\/12\/finance-03-768x691.jpg 768w\" sizes=\"(max-width: 800px) 100vw, 800px\" \/>\t\t\t\t\t\t\t\t\t\t\t\t\t\t\t<\/div>\n\t\t\t\t<\/div>\n\t\t\t\t\t<\/div>\n\t\t<\/div>\n\t\t\t\t<div class=\"elementor-column elementor-col-50 elementor-top-column elementor-element elementor-element-3c34a44\" data-id=\"3c34a44\" data-element_type=\"column\" data-e-type=\"column\">\n\t\t\t<div class=\"elementor-widget-wrap elementor-element-populated\">\n\t\t\t\t\t\t<div class=\"elementor-element elementor-element-cfea295 elementor-align-center elementor-mobile-align-center elementor-widget elementor-widget-button\" data-id=\"cfea295\" data-element_type=\"widget\" data-e-type=\"widget\" data-widget_type=\"button.default\">\n\t\t\t\t<div class=\"elementor-widget-container\">\n\t\t\t\t\t\t\t\t\t<div class=\"elementor-button-wrapper\">\n\t\t\t\t\t<a class=\"elementor-button elementor-button-link elementor-size-xl\" href=\"https:\/\/app.finhabits.com\/signin.html\" target=\"_blank\">\n\t\t\t\t\t\t<span class=\"elementor-button-content-wrapper\">\n\t\t\t\t\t\t\t\t\t<span class=\"elementor-button-text\">\u00bfHaz clic aqu\u00ed para comenzar ahora?<\/span>\n\t\t\t\t\t<\/span>\n\t\t\t\t\t<\/a>\n\t\t\t\t<\/div>\n\t\t\t\t\t\t\t\t<\/div>\n\t\t\t\t<\/div>\n\t\t\t\t<div class=\"elementor-element elementor-element-3657cc1 elementor-widget elementor-widget-text-editor\" data-id=\"3657cc1\" data-element_type=\"widget\" data-e-type=\"widget\" data-widget_type=\"text-editor.default\">\n\t\t\t\t<div class=\"elementor-widget-container\">\n\t\t\t\t\t\t\t\t\t<p style=\"text-align: center;\">\u00a1Feliz A\u00f1o Nuevo! Al entrar en 2024, es hora de desatar tu potencial y hacer que este a\u00f1o realmente cuente.<\/p><h4 style=\"text-align: center;\">\u00bfPor qu\u00e9 no empezar con inversiones inteligentes?<\/h4><p style=\"text-align: center;\">Invertir puede parecer complicado, pero con Finhabits, es tan f\u00e1cil como establecer una resoluci\u00f3n de A\u00f1o Nuevo. De hecho, s\u00f3lo toma 10 minutos para empezar. Entonces, \u00bfqu\u00e9 est\u00e1s esperando?<\/p><p style=\"text-align: center;\">Finhabits est\u00e1 dise\u00f1ado para hacer que invertir sea simple y accesible. Ya seas un inversor experimentado o est\u00e9s empezando, nuestra plataforma proporciona las herramientas y recursos que necesitas para aumentar tu riqueza y asegurar tu futuro financiero.<\/p><p style=\"text-align: center;\">Recuerda, cada gran viaje comienza con un solo paso. Y el viaje hacia la libertad financiera no es diferente. Es hora de dar ese paso con Finhabits.<\/p><p style=\"text-align: center;\">Hagamos de 2024 el a\u00f1o de las inversiones inteligentes. Juntos, podemos convertir tus metas financieras en realidad.<\/p><p style=\"text-align: center;\">\u00bfListo para empezar? Visita nuestro sitio web o descarga la aplicaci\u00f3n de Finhabits hoy mismo.<\/p><p style=\"text-align: center;\">\u00a1Por un pr\u00f3spero 2024!<\/p>\t\t\t\t\t\t\t\t<\/div>\n\t\t\t\t<\/div>\n\t\t\t\t\t<\/div>\n\t\t<\/div>\n\t\t\t\t\t<\/div>\n\t\t<\/section>\n\t\t\t\t<section class=\"elementor-section elementor-top-section elementor-element elementor-element-64644866 elementor-section-content-middle elementor-section-boxed elementor-section-height-default elementor-section-height-default\" data-id=\"64644866\" data-element_type=\"section\" data-e-type=\"section\" data-settings=\"{&quot;background_background&quot;:&quot;classic&quot;}\">\n\t\t\t\t\t\t\t<div class=\"elementor-background-overlay\"><\/div>\n\t\t\t\t\t\t\t<div class=\"elementor-container elementor-column-gap-no\">\n\t\t\t\t\t<div class=\"elementor-column elementor-col-100 elementor-top-column elementor-element elementor-element-7b40529d\" data-id=\"7b40529d\" data-element_type=\"column\" data-e-type=\"column\">\n\t\t\t<div class=\"elementor-widget-wrap elementor-element-populated\">\n\t\t\t\t\t\t<div class=\"elementor-element elementor-element-2834cfe7 elementor-widget elementor-widget-heading\" data-id=\"2834cfe7\" data-element_type=\"widget\" data-e-type=\"widget\" data-widget_type=\"heading.default\">\n\t\t\t\t<div class=\"elementor-widget-container\">\n\t\t\t\t\t<h4 class=\"elementor-heading-title elementor-size-default\">\u00a1Desata tu potencial Tejano:<br><span style=\"color:#FFF04B\">\u00a1Haz de 2024<\/span> el a\u00f1o de las <span style=\"color:#FFF04B\">inversiones inteligentes!<\/span><\/h4>\t\t\t\t<\/div>\n\t\t\t\t<\/div>\n\t\t\t\t<div class=\"elementor-element elementor-element-0bac18c elementor-align-center elementor-widget elementor-widget-button\" data-id=\"0bac18c\" data-element_type=\"widget\" data-e-type=\"widget\" data-widget_type=\"button.default\">\n\t\t\t\t<div class=\"elementor-widget-container\">\n\t\t\t\t\t\t\t\t\t<div class=\"elementor-button-wrapper\">\n\t\t\t\t\t<a class=\"elementor-button elementor-button-link elementor-size-xl\" href=\"https:\/\/app.finhabits.com\/signin.html\" target=\"_blank\">\n\t\t\t\t\t\t<span class=\"elementor-button-content-wrapper\">\n\t\t\t\t\t\t\t\t\t<span class=\"elementor-button-text\">\u00bfHaz clic aqu\u00ed para comenzar ahora?<\/span>\n\t\t\t\t\t<\/span>\n\t\t\t\t\t<\/a>\n\t\t\t\t<\/div>\n\t\t\t\t\t\t\t\t<\/div>\n\t\t\t\t<\/div>\n\t\t\t\t\t<\/div>\n\t\t<\/div>\n\t\t\t\t\t<\/div>\n\t\t<\/section>\n\t\t\t\t<\/div>\n\t\t","protected":false},"excerpt":{"rendered":"<p>Seasonal message, new years resolution ??? \u00bfHaz clic aqu\u00ed para comenzar ahora? \u00a1Feliz A\u00f1o Nuevo! Al entrar en 2024, es hora de desatar tu potencial y hacer que este a\u00f1o realmente cuente. \u00bfPor qu\u00e9 no empezar con inversiones inteligentes? Invertir puede parecer complicado, pero con Finhabits, es tan f\u00e1cil como establecer una resoluci\u00f3n de A\u00f1o [&hellip;]<\/p>\n","protected":false},"author":4,"featured_media":0,"parent":0,"menu_order":0,"comment_status":"closed","ping_status":"closed","template":"","meta":{"footnotes":""},"class_list":["post-11270","page","type-page","status-publish","hentry"],"yoast_head":"<!-- This site is optimized with the Yoast SEO Premium plugin v27.1 (Yoast SEO v27.1.1) - https:\/\/yoast.com\/product\/yoast-seo-premium-wordpress\/ -->\n<title>**Promociones DTF - Finhabits<\/title>\n<meta name=\"description\" content=\"Seasonal message, new years resolution ??? \u00bfHaz clic aqu\u00ed para comenzar ahora? \u00a1Feliz A\u00f1o Nuevo! Al entrar en 2024, es hora de desatar tu potencial y\" \/>\n<meta name=\"robots\" content=\"noindex, nofollow\" \/>\n<meta property=\"og:locale\" content=\"es_ES\" \/>\n<meta property=\"og:type\" content=\"article\" \/>\n<meta property=\"og:title\" content=\"promociones-dtf\" \/>\n<meta property=\"og:description\" content=\"Seasonal message, new years resolution ??? \u00bfHaz clic aqu\u00ed para comenzar ahora? \u00a1Feliz A\u00f1o Nuevo! Al entrar en 2024, es hora de desatar tu potencial y\" \/>\n<meta property=\"og:url\" content=\"https:\/\/www.finhabits.com\/es\/promociones-dtf\/\" \/>\n<meta property=\"og:site_name\" content=\"Finhabits\" \/>\n<meta property=\"article:publisher\" content=\"https:\/\/www.facebook.com\/Finhabits\" \/>\n<meta property=\"article:modified_time\" content=\"2024-01-01T08:00:16+00:00\" \/>\n<meta property=\"og:image\" content=\"https:\/\/www.finhabits.com\/wp-content\/uploads\/2023\/12\/finance-03.jpg\" \/>\n\t<meta property=\"og:image:width\" content=\"800\" \/>\n\t<meta property=\"og:image:height\" content=\"720\" \/>\n\t<meta property=\"og:image:type\" content=\"image\/jpeg\" \/>\n<meta name=\"twitter:card\" content=\"summary_large_image\" \/>\n<meta name=\"twitter:label1\" content=\"Est. reading time\" \/>\n\t<meta name=\"twitter:data1\" content=\"2 minutes\" \/>\n<!-- \/ Yoast SEO Premium plugin. -->","yoast_head_json":{"title":"**Promociones DTF - Finhabits","description":"Seasonal message, new years resolution ??? \u00bfHaz clic aqu\u00ed para comenzar ahora? \u00a1Feliz A\u00f1o Nuevo! Al entrar en 2024, es hora de desatar tu potencial y","robots":{"index":"noindex","follow":"nofollow"},"og_locale":"es_ES","og_type":"article","og_title":"promociones-dtf","og_description":"Seasonal message, new years resolution ??? \u00bfHaz clic aqu\u00ed para comenzar ahora? \u00a1Feliz A\u00f1o Nuevo! Al entrar en 2024, es hora de desatar tu potencial y","og_url":"https:\/\/www.finhabits.com\/es\/promociones-dtf\/","og_site_name":"Finhabits","article_publisher":"https:\/\/www.facebook.com\/Finhabits","article_modified_time":"2024-01-01T08:00:16+00:00","og_image":[{"width":800,"height":720,"url":"https:\/\/www.finhabits.com\/wp-content\/uploads\/2023\/12\/finance-03.jpg","type":"image\/jpeg"}],"twitter_card":"summary_large_image","twitter_misc":{"Est. reading time":"2 minutes"},"schema":{"@context":"https:\/\/schema.org","@graph":[{"@type":"WebPage","@id":"https:\/\/www.finhabits.com\/es\/promociones-dtf\/","url":"https:\/\/www.finhabits.com\/es\/promociones-dtf\/","name":"**Promociones DTF - Finhabits","isPartOf":{"@id":"https:\/\/www.finhabits.com\/#website"},"primaryImageOfPage":{"@id":"https:\/\/www.finhabits.com\/es\/promociones-dtf\/#primaryimage"},"image":{"@id":"https:\/\/www.finhabits.com\/es\/promociones-dtf\/#primaryimage"},"thumbnailUrl":"https:\/\/www.finhabits.com\/wp-content\/uploads\/2023\/12\/finance-03.jpg","datePublished":"2023-12-20T02:14:42+00:00","dateModified":"2024-01-01T08:00:16+00:00","description":"Seasonal message, new years resolution ??? \u00bfHaz clic aqu\u00ed para comenzar ahora? \u00a1Feliz A\u00f1o Nuevo! Al entrar en 2024, es hora de desatar tu potencial y","breadcrumb":{"@id":"https:\/\/www.finhabits.com\/es\/promociones-dtf\/#breadcrumb"},"inLanguage":"es-US","potentialAction":[{"@type":"ReadAction","target":["https:\/\/www.finhabits.com\/es\/promociones-dtf\/"]}]},{"@type":"ImageObject","inLanguage":"es-US","@id":"https:\/\/www.finhabits.com\/es\/promociones-dtf\/#primaryimage","url":"https:\/\/www.finhabits.com\/wp-content\/uploads\/2023\/12\/finance-03.jpg","contentUrl":"https:\/\/www.finhabits.com\/wp-content\/uploads\/2023\/12\/finance-03.jpg"},{"@type":"BreadcrumbList","@id":"https:\/\/www.finhabits.com\/es\/promociones-dtf\/#breadcrumb","itemListElement":[{"@type":"ListItem","position":1,"name":"Home","item":"https:\/\/www.finhabits.com\/es\/"},{"@type":"ListItem","position":2,"name":"promociones-dtf"}]},{"@type":"WebSite","@id":"https:\/\/www.finhabits.com\/#website","url":"https:\/\/www.finhabits.com\/","name":"Finhabits: C\u00f3mo invertir en la bolsa de valores - Descarga la App","description":"Invierte, Health Insurance, Retirement","publisher":{"@id":"https:\/\/www.finhabits.com\/#organization"},"potentialAction":[{"@type":"SearchAction","target":{"@type":"EntryPoint","urlTemplate":"https:\/\/www.finhabits.com\/?s={search_term_string}"},"query-input":{"@type":"PropertyValueSpecification","valueRequired":true,"valueName":"search_term_string"}}],"inLanguage":"es-US"},{"@type":"Organization","@id":"https:\/\/www.finhabits.com\/#organization","name":"FINHABITS","url":"https:\/\/www.finhabits.com\/","logo":{"@type":"ImageObject","inLanguage":"es-US","@id":"https:\/\/www.finhabits.com\/#\/schema\/logo\/image\/","url":"https:\/\/www.finhabits.com\/wp-content\/uploads\/2024\/03\/finhabits-logo-696.jpg","contentUrl":"https:\/\/www.finhabits.com\/wp-content\/uploads\/2024\/03\/finhabits-logo-696.jpg","width":696,"height":696,"caption":"FINHABITS"},"image":{"@id":"https:\/\/www.finhabits.com\/#\/schema\/logo\/image\/"},"sameAs":["https:\/\/www.facebook.com\/Finhabits","https:\/\/www.instagram.com\/finhabits\/","https:\/\/www.youtube.com\/channel\/UCZ3IANIWHqEKFXWH5MHn9JQ"]}]}},"_links":{"self":[{"href":"https:\/\/www.finhabits.com\/es\/wp-json\/wp\/v2\/pages\/11270","targetHints":{"allow":["GET"]}}],"collection":[{"href":"https:\/\/www.finhabits.com\/es\/wp-json\/wp\/v2\/pages"}],"about":[{"href":"https:\/\/www.finhabits.com\/es\/wp-json\/wp\/v2\/types\/page"}],"author":[{"embeddable":true,"href":"https:\/\/www.finhabits.com\/es\/wp-json\/wp\/v2\/users\/4"}],"replies":[{"embeddable":true,"href":"https:\/\/www.finhabits.com\/es\/wp-json\/wp\/v2\/comments?post=11270"}],"version-history":[{"count":0,"href":"https:\/\/www.finhabits.com\/es\/wp-json\/wp\/v2\/pages\/11270\/revisions"}],"wp:attachment":[{"href":"https:\/\/www.finhabits.com\/es\/wp-json\/wp\/v2\/media?parent=11270"}],"curies":[{"name":"wp","href":"https:\/\/api.w.org\/{rel}","templated":true}]}}