{"id":12444,"date":"2024-03-14T22:16:57","date_gmt":"2024-03-15T02:16:57","guid":{"rendered":"https:\/\/finhabits.com\/calculate3\/"},"modified":"2026-01-12T14:33:20","modified_gmt":"2026-01-12T19:33:20","slug":"calculadora-inversion","status":"publish","type":"page","link":"https:\/\/www.finhabits.com\/es\/calculadora-inversion\/","title":{"rendered":"Calculadora Inversi\u00f3n"},"content":{"rendered":"\t\t<div data-elementor-type=\"wp-page\" data-elementor-id=\"12444\" class=\"elementor elementor-12444 elementor-12367\" data-elementor-post-type=\"page\">\n\t\t\t\t\t\t<section class=\"elementor-section elementor-top-section elementor-element elementor-element-405be9b elementor-section-boxed elementor-section-height-default elementor-section-height-default\" data-id=\"405be9b\" data-element_type=\"section\" data-e-type=\"section\">\n\t\t\t\t\t\t<div class=\"elementor-container elementor-column-gap-default\">\n\t\t\t\t\t<div class=\"elementor-column elementor-col-100 elementor-top-column elementor-element elementor-element-20f6ef2\" data-id=\"20f6ef2\" data-element_type=\"column\" data-e-type=\"column\">\n\t\t\t<div class=\"elementor-widget-wrap elementor-element-populated\">\n\t\t\t\t\t\t<div class=\"elementor-element elementor-element-f6ffa52 elementor-widget__width-initial elementor-widget elementor-widget-text-editor\" data-id=\"f6ffa52\" data-element_type=\"widget\" data-e-type=\"widget\" data-widget_type=\"text-editor.default\">\n\t\t\t\t<div class=\"elementor-widget-container\">\n\t\t\t\t\t\t\t\t\t<h1>Descubre c\u00f3mo crecer\u00eda tu dinero invertido con nuestra calculadora de Finhabits<\/h1>\t\t\t\t\t\t\t\t<\/div>\n\t\t\t\t<\/div>\n\t\t\t\t\t<\/div>\n\t\t<\/div>\n\t\t\t\t\t<\/div>\n\t\t<\/section>\n\t\t\t\t<section class=\"elementor-section elementor-top-section elementor-element elementor-element-70bcdcb elementor-section-boxed elementor-section-height-default elementor-section-height-default\" data-id=\"70bcdcb\" data-element_type=\"section\" data-e-type=\"section\">\n\t\t\t\t\t\t<div class=\"elementor-container elementor-column-gap-default\">\n\t\t\t\t\t<div class=\"elementor-column elementor-col-100 elementor-top-column elementor-element elementor-element-a11ba53\" data-id=\"a11ba53\" data-element_type=\"column\" data-e-type=\"column\">\n\t\t\t<div class=\"elementor-widget-wrap elementor-element-populated\">\n\t\t\t\t\t\t<div class=\"elementor-element elementor-element-32d931c elementor-widget elementor-widget-html\" data-id=\"32d931c\" data-element_type=\"widget\" data-e-type=\"widget\" data-widget_type=\"html.default\">\n\t\t\t\t<div class=\"elementor-widget-container\">\n\t\t\t\t\t<iframe src=\"https:\/\/www.finhabits.com\/calculateES\/index.php\" class=\"iframeClass\"><\/iframe>\t\t\t\t<\/div>\n\t\t\t\t<\/div>\n\t\t\t\t\t<\/div>\n\t\t<\/div>\n\t\t\t\t\t<\/div>\n\t\t<\/section>\n\t\t\t\t<section class=\"elementor-section elementor-top-section elementor-element elementor-element-e398f88 elementor-section-boxed elementor-section-height-default elementor-section-height-default\" data-id=\"e398f88\" data-element_type=\"section\" data-e-type=\"section\">\n\t\t\t\t\t\t<div class=\"elementor-container elementor-column-gap-default\">\n\t\t\t\t\t<div class=\"elementor-column elementor-col-100 elementor-top-column elementor-element elementor-element-75f0eb3\" data-id=\"75f0eb3\" data-element_type=\"column\" data-e-type=\"column\">\n\t\t\t<div class=\"elementor-widget-wrap elementor-element-populated\">\n\t\t\t\t\t\t<div class=\"elementor-element elementor-element-6ba23e1 elementor-widget elementor-widget-text-editor\" data-id=\"6ba23e1\" data-element_type=\"widget\" data-e-type=\"widget\" data-widget_type=\"text-editor.default\">\n\t\t\t\t<div class=\"elementor-widget-container\">\n\t\t\t\t\t\t\t\t\t<p style=\"text-align: center;\">Esta gr\u00e1fica muestra una estimaci\u00f3n de cu\u00e1nto podr\u00eda crecer una inversi\u00f3n con el tiempo seg\u00fan el dep\u00f3sito inicial, contribuciones recurrentes, el tiempo y la tasa de inter\u00e9s especificada. Los cambios en esas variables pueden afectar el resultado. Reinicie la calculadora usando diferentes cifras para mostrar diferentes escenarios. Los resultados no predicen el rendimiento de la inversi\u00f3n de ninguna cartera de Finhabits y no tienen en cuenta factores econ\u00f3micos o de mercado que puedan afectar el rendimiento.<\/p>\t\t\t\t\t\t\t\t<\/div>\n\t\t\t\t<\/div>\n\t\t\t\t<div class=\"elementor-element elementor-element-4d7189f8 elementor-align-center elementor-widget elementor-widget-button\" data-id=\"4d7189f8\" data-element_type=\"widget\" data-e-type=\"widget\" data-widget_type=\"button.default\">\n\t\t\t\t<div class=\"elementor-widget-container\">\n\t\t\t\t\t\t\t\t\t<div class=\"elementor-button-wrapper\">\n\t\t\t\t\t<a class=\"elementor-button elementor-button-link elementor-size-sm\" href=\"https:\/\/app.finhabits.com\/signup\/register.html?language=es&#038;utm_source=website&#038;utm_medium=calculator&#038;utm_campaign=website_calculator_cta&#038;utm_term=website_calculator_cta_button&#038;utm_content=es\">\n\t\t\t\t\t\t<span class=\"elementor-button-content-wrapper\">\n\t\t\t\t\t\t\t\t\t<span class=\"elementor-button-text\">Comienza<\/span>\n\t\t\t\t\t<\/span>\n\t\t\t\t\t<\/a>\n\t\t\t\t<\/div>\n\t\t\t\t\t\t\t\t<\/div>\n\t\t\t\t<\/div>\n\t\t\t\t\t<\/div>\n\t\t<\/div>\n\t\t\t\t\t<\/div>\n\t\t<\/section>\n\t\t\t\t<section class=\"elementor-section elementor-top-section elementor-element elementor-element-18fe1917 elementor-section-content-middle elementor-section-boxed elementor-section-height-default elementor-section-height-default\" data-id=\"18fe1917\" data-element_type=\"section\" data-e-type=\"section\" data-settings=\"{&quot;background_background&quot;:&quot;classic&quot;}\">\n\t\t\t\t\t\t<div class=\"elementor-container elementor-column-gap-default\">\n\t\t\t\t\t<div class=\"elementor-column elementor-col-100 elementor-top-column elementor-element elementor-element-796814cf\" data-id=\"796814cf\" data-element_type=\"column\" data-e-type=\"column\">\n\t\t\t<div class=\"elementor-widget-wrap elementor-element-populated\">\n\t\t\t\t\t\t<div class=\"elementor-element elementor-element-7863b742 elementor-widget elementor-widget-heading\" data-id=\"7863b742\" data-element_type=\"widget\" data-e-type=\"widget\" data-widget_type=\"heading.default\">\n\t\t\t\t<div class=\"elementor-widget-container\">\n\t\t\t\t\t<h2 class=\"elementor-heading-title elementor-size-default\">Haz que el inter\u00e9s compuesto trabaje para ti <br> \u2014 empieza a invertir con Finhabits<br><\/h2>\t\t\t\t<\/div>\n\t\t\t\t<\/div>\n\t\t\t\t<div class=\"elementor-element elementor-element-9b89379 elementor-widget__width-initial elementor-widget elementor-widget-heading\" data-id=\"9b89379\" data-element_type=\"widget\" data-e-type=\"widget\" data-widget_type=\"heading.default\">\n\t\t\t\t<div class=\"elementor-widget-container\">\n\t\t\t\t\t<h3 class=\"elementor-heading-title elementor-size-default\"><b>Preguntas frecuentes<\/b><br><\/h3>\t\t\t\t<\/div>\n\t\t\t\t<\/div>\n\t\t\t\t<div class=\"elementor-element elementor-element-ef1aeb6 elementor-widget elementor-widget-ucaddon_content_accordion\" data-id=\"ef1aeb6\" data-element_type=\"widget\" data-e-type=\"widget\" data-widget_type=\"ucaddon_content_accordion.default\">\n\t\t\t\t<div class=\"elementor-widget-container\">\n\t\t\t\t\t\n<!-- start Content Accordion -->\n\t\t<link id='font-awesome-css' href='https:\/\/www.finhabits.com\/wp-content\/plugins\/unlimited-elements-for-elementor-premium\/assets_libraries\/font-awesome6\/fontawesome-all.min.css' type='text\/css' rel='stylesheet' >\n\t\t<link id='font-awesome-4-shim-css' href='https:\/\/www.finhabits.com\/wp-content\/plugins\/unlimited-elements-for-elementor-premium\/assets_libraries\/font-awesome6\/fontawesome-v4-shims.min.css' type='text\/css' rel='stylesheet' >\n\n<style>\/* widget: Content Accordion *\/\n\n#uc_content_accordion_elementor_ef1aeb6 *{\n  box-sizing: border-box;\n}\n\n#uc_content_accordion_elementor_ef1aeb6 .uc_ac_box\n{\n  overflow:hidden;\n}\n\n\n#uc_content_accordion_elementor_ef1aeb6 em\n{\n  font-style: normal;\n}\n\n#uc_content_accordion_elementor_ef1aeb6 .ue_heading_title\n{\n  margin:0;\n  flex-grow:1;\n}\n\n#uc_content_accordion_elementor_ef1aeb6 .uc_container .uc-heading\n{\n\tdisplay:flex;\n    align-items:center;\n\toverflow:hidden;\n\tcursor:pointer;\n  \n}\n#uc_content_accordion_elementor_ef1aeb6 .uc_container .uc_content\n{\n    display:none;\n}\n\n#uc_content_accordion_elementor_ef1aeb6 .uc_container .uc-heading span.ue_accordion_icon\n{\n\tdisplay:flex;\n    align-items:center;\n   \tjustify-content:center;\n    flex-grow:0;\n    flex-shrink:0;\n}\n#uc_content_accordion_elementor_ef1aeb6 .uc_ac_box.uc-item-active span.uc_dactive\n{\n\tdisplay:none;\n}\n#uc_content_accordion_elementor_ef1aeb6 .uc_ac_box:not(.uc-item-active) span.uc_active\n{\n\tdisplay:none;\n}\n#uc_content_accordion_elementor_ef1aeb6 span.ue_accordion_icon svg\n{\n  height:1em;\n  width:1em;\n}\n\n#uc_content_accordion_elementor_ef1aeb6 .uc_container .uc_btn {\n\n    text-align: center;\n    display: inline-block;\n    text-decoration: none;\n    transition: ease-in-out all 0.25s;\n}\n\n#uc_content_accordion_elementor_ef1aeb6 .ue-item-image img\n{\n  width:100%;\n  display:block;\n  object-fit:cover;\n}\n\n<\/style>\n\n<div class=\"uc_material_accordion  \"  id=\"uc_content_accordion_elementor_ef1aeb6\"  data-name=\"\" data-scroll=\"off\" data-offset=\"0\" data-closeothers=\"true\" data-set-hash=\"true\" >\n  <div class=\"uc_container uc-items-wrapper\">\n    \n\t\t\n\n<div id=\"#como-funciona-la-calculadora-de-finhabits\" class=\"uc_ac_box elementor-repeater-item-3f82424 uc-item-active\" style=\"background-color:;\">\n  <div class=\"uc-heading uc_trigger\">\n    <span class=\"uc_dactive bbb ue_accordion_icon\"><i class='fas fa-plus'><\/i><\/span> \n    <span class=\"uc_active bbb ue_accordion_icon\"><i class='fas fa-minus'><\/i><\/span>\n    <div class=\"ue_heading_title\">\u00bfC\u00f3mo funciona la calculadora de inversi\u00f3n de Finhabits?<\/div>\n  <\/div>\n  \n  <div class=\"uc_content\" style='display:block'>\n        \n      \n                     \n          \n            <div class=\"ue-item-title\"><\/div>\n      \n              <div class=\"ue-item-text\"><p class=\"p1\">La calculadora de inversi\u00f3n de <span class=\"s1\">Finhabits<\/span> te permite estimar c\u00f3mo podr\u00eda crecer tu dinero a lo largo del tiempo utilizando el poder del inter\u00e9s compuesto. Al ajustar variables como el dep\u00f3sito inicial, las contribuciones recurrentes, el horizonte de inversi\u00f3n y el rendimiento anual esperado, puedes visualizar distintos escenarios de crecimiento y entender c\u00f3mo cada decisi\u00f3n influye en el resultado a largo plazo.<\/p><p class=\"p1\">Esta herramienta est\u00e1 pensada para ayudarte a planificar con mayor claridad, comparar alternativas y explorar el impacto de invertir de forma constante, ya sea con aportaciones mensuales o semanales, y con distintos niveles de rendimiento estimado.<\/p><\/div>\n      \n              \n      <\/div> \n<\/div>\n\n\n\n<div id=\"#que-muestra-esta-estimacion-de-crecimiento\" class=\"uc_ac_box elementor-repeater-item-5da6489 \" style=\"background-color:;\">\n  <div class=\"uc-heading uc_trigger\">\n    <span class=\"uc_dactive bbb ue_accordion_icon\"><i class='fas fa-plus'><\/i><\/span> \n    <span class=\"uc_active bbb ue_accordion_icon\"><i class='fas fa-minus'><\/i><\/span>\n    <div class=\"ue_heading_title\">\u00bfQu\u00e9 muestra esta estimaci\u00f3n de crecimiento?<\/div>\n  <\/div>\n  \n  <div class=\"uc_content\" >\n        \n      \n                     \n          \n            <div class=\"ue-item-title\"><\/div>\n      \n              <div class=\"ue-item-text\"><p class=\"p1\">La gr\u00e1fica presenta una proyecci\u00f3n del posible crecimiento de una inversi\u00f3n en el tiempo, basada exclusivamente en los valores que ingreses en la calculadora. Cambios en el monto inicial, la frecuencia de contribuciones, el plazo o la tasa de rendimiento pueden modificar significativamente los resultados mostrados. Puedes reiniciar la calculadora y probar diferentes combinaciones para analizar m\u00faltiples escenarios financieros.<\/p><p class=\"p1\">Es importante tener en cuenta que esta estimaci\u00f3n no predice el rendimiento real de ninguna cartera de Finhabits. No considera factores econ\u00f3micos, condiciones de mercado, inflaci\u00f3n u otros eventos externos que pueden afectar el desempe\u00f1o de una inversi\u00f3n.<\/p><\/div>\n      \n              \n      <\/div> \n<\/div>\n\n\n\n<div id=\"#que-es-el-interes-compuesto\" class=\"uc_ac_box elementor-repeater-item-69bbedd \" style=\"background-color:;\">\n  <div class=\"uc-heading uc_trigger\">\n    <span class=\"uc_dactive bbb ue_accordion_icon\"><i class='fas fa-plus'><\/i><\/span> \n    <span class=\"uc_active bbb ue_accordion_icon\"><i class='fas fa-minus'><\/i><\/span>\n    <div class=\"ue_heading_title\">\u00bfQu\u00e9 es el inter\u00e9s compuesto y por qu\u00e9 es clave para invertir a largo plazo?<\/div>\n  <\/div>\n  \n  <div class=\"uc_content\" >\n        \n      \n                     \n          \n            <div class=\"ue-item-title\"><\/div>\n      \n              <div class=\"ue-item-text\"><p class=\"p1\">El inter\u00e9s compuesto es una de las herramientas m\u00e1s poderosas para construir patrimonio con el tiempo. Funciona al generar rendimientos no solo sobre tu inversi\u00f3n inicial, sino tambi\u00e9n sobre las ganancias acumuladas. Al invertir de forma constante y mantener una visi\u00f3n de largo plazo, incluso contribuciones peque\u00f1as pueden crecer de manera significativa. Esta calculadora te permite visualizar ese efecto de forma clara y sencilla, ayud\u00e1ndote a entender c\u00f3mo el tiempo y la constancia influyen en tus objetivos financieros.<\/p><\/div>\n      \n              \n      <\/div> \n<\/div>\n\n\n\n<div id=\"#como-me-ayuda-esta-calculadora-a-planificar-inversiones\" class=\"uc_ac_box elementor-repeater-item-d12b73a \" style=\"background-color:;\">\n  <div class=\"uc-heading uc_trigger\">\n    <span class=\"uc_dactive bbb ue_accordion_icon\"><i class='fas fa-plus'><\/i><\/span> \n    <span class=\"uc_active bbb ue_accordion_icon\"><i class='fas fa-minus'><\/i><\/span>\n    <div class=\"ue_heading_title\">\u00bfC\u00f3mo me ayuda esta calculadora a planificar mis inversiones a largo plazo?<\/div>\n  <\/div>\n  \n  <div class=\"uc_content\" >\n        \n      \n                     \n          \n            <div class=\"ue-item-title\"><\/div>\n      \n              <div class=\"ue-item-text\"><p class=\"p1\">La calculadora te permite estimar c\u00f3mo distintas variables, como el dep\u00f3sito inicial, las contribuciones recurrentes, el plazo de inversi\u00f3n y el rendimiento anual esperado, pueden afectar el crecimiento de tu dinero con el tiempo. Al modificar estos valores, puedes comparar escenarios y comprender mejor el impacto de invertir de manera disciplinada y sostenida, lo que facilita una planificaci\u00f3n financiera m\u00e1s informada y realista.<\/p><\/div>\n      \n              \n      <\/div> \n<\/div>\n\n\n\n<div id=\"#los-resultados-de-la-calculadora-son-reales-o-garantizados\" class=\"uc_ac_box elementor-repeater-item-85f811a \" style=\"background-color:;\">\n  <div class=\"uc-heading uc_trigger\">\n    <span class=\"uc_dactive bbb ue_accordion_icon\"><i class='fas fa-plus'><\/i><\/span> \n    <span class=\"uc_active bbb ue_accordion_icon\"><i class='fas fa-minus'><\/i><\/span>\n    <div class=\"ue_heading_title\">\u00bfLos resultados de la calculadora representan rendimientos reales o garantizados?<\/div>\n  <\/div>\n  \n  <div class=\"uc_content\" >\n        \n      \n                     \n          \n            <div class=\"ue-item-title\"><\/div>\n      \n              <div class=\"ue-item-text\"><p class=\"p1\">No. Los resultados mostrados son \u00fanicamente estimaciones basadas en los datos que ingreses y no representan rendimientos reales ni garantizados. Las proyecciones no reflejan el desempe\u00f1o de ninguna cartera espec\u00edfica de <span class=\"s1\">Finhabits<\/span> y no consideran factores econ\u00f3micos, condiciones del mercado, inflaci\u00f3n u otros eventos externos que pueden influir en el rendimiento de una inversi\u00f3n.<\/p><\/div>\n      \n              \n      <\/div> \n<\/div>\n\n\n\n<div id=\"#como-puedo-empezar-a-aplicar-lo-que-veo-en-la-calculadora\" class=\"uc_ac_box elementor-repeater-item-f696f34 \" style=\"background-color:;\">\n  <div class=\"uc-heading uc_trigger\">\n    <span class=\"uc_dactive bbb ue_accordion_icon\"><i class='fas fa-plus'><\/i><\/span> \n    <span class=\"uc_active bbb ue_accordion_icon\"><i class='fas fa-minus'><\/i><\/span>\n    <div class=\"ue_heading_title\">\u00bfC\u00f3mo puedo empezar a aplicar lo que veo en esta calculadora?<\/div>\n  <\/div>\n  \n  <div class=\"uc_content\" >\n        \n      \n                     \n          \n            <div class=\"ue-item-title\"> Lorem ipsum<\/div>\n      \n              <div class=\"ue-item-text\"><p class=\"p1\">Una vez que entiendes c\u00f3mo el inter\u00e9s compuesto puede trabajar a tu favor, el siguiente paso es comenzar a invertir con un plan claro y consistente. Finhabits cre\u00f3 para ti una gu\u00eda de jubilaci\u00f3n paso a paso para comenzar hoy mismo. <a href=\"https:\/\/www.finhabits.com\/es\/invertir-ahorrar-para-jubilacion\/\">Puedes descargarla aqu\u00ed, totalmente gratis.<\/a><\/p><\/div>\n      \n              \n      <\/div> \n<\/div>\n\n  <\/div>\n<\/div>\n\n\n<!-- end Content Accordion -->\t\t\t\t<\/div>\n\t\t\t\t<\/div>\n\t\t\t\t<div class=\"elementor-element elementor-element-12b7bb3 elementor-widget elementor-widget-text-editor\" data-id=\"12b7bb3\" data-element_type=\"widget\" data-e-type=\"widget\" data-widget_type=\"text-editor.default\">\n\t\t\t\t<div class=\"elementor-widget-container\">\n\t\t\t\t\t\t\t\t\t<p>\u00a0<\/p><p class=\"p1\">Invertir es una decisi\u00f3n de largo plazo que se construye con informaci\u00f3n clara, constancia y una estrategia bien definida. Esta calculadora te ofrece una forma sencilla de visualizar c\u00f3mo el tiempo, las aportaciones regulares y el inter\u00e9s compuesto pueden influir en el crecimiento de tu dinero. Al comprender estos conceptos y explorar distintos escenarios, puedes tomar decisiones m\u00e1s informadas y dar pasos firmes hacia tus objetivos financieros con el respaldo de <a href=\"https:\/\/www.finhabits.com\/\"><span class=\"s1\">Finhabits<\/span><\/a>.<\/p>\t\t\t\t\t\t\t\t<\/div>\n\t\t\t\t<\/div>\n\t\t\t\t\t<\/div>\n\t\t<\/div>\n\t\t\t\t\t<\/div>\n\t\t<\/section>\n\t\t\t\t<\/div>\n\t\t","protected":false},"excerpt":{"rendered":"<p>Descubre c\u00f3mo crecer\u00eda tu dinero invertido con nuestra calculadora de Finhabits Esta gr\u00e1fica muestra una estimaci\u00f3n de cu\u00e1nto podr\u00eda crecer una inversi\u00f3n con el tiempo seg\u00fan el dep\u00f3sito inicial, contribuciones recurrentes, el tiempo y la tasa de inter\u00e9s especificada. Los cambios en esas variables pueden afectar el resultado. Reinicie la calculadora usando diferentes cifras para [&hellip;]<\/p>\n","protected":false},"author":4,"featured_media":0,"parent":0,"menu_order":0,"comment_status":"closed","ping_status":"closed","template":"","meta":{"footnotes":""},"class_list":["post-12444","page","type-page","status-publish","hentry"],"yoast_head":"<!-- This site is optimized with the Yoast SEO Premium plugin v27.1 (Yoast SEO v27.1.1) - https:\/\/yoast.com\/product\/yoast-seo-premium-wordpress\/ -->\n<title>Calculadora gratuita de inversi\u00f3n inteligente - Finhabits<\/title>\n<meta name=\"description\" content=\"Calcula cu\u00e1nto puede crecer tu dinero: aportes, tiempo y rendimiento. Visualiza el inter\u00e9s compuesto y ajusta metas realistas con la calculadora Finhabits.\" \/>\n<meta name=\"robots\" content=\"index, follow, max-snippet:-1, max-image-preview:large, max-video-preview:-1\" \/>\n<link rel=\"canonical\" href=\"https:\/\/www.finhabits.com\/es\/calculadora-inversion\/\" \/>\n<meta property=\"og:locale\" content=\"es_ES\" \/>\n<meta property=\"og:type\" content=\"article\" \/>\n<meta property=\"og:title\" content=\"Calculadora Inversi\u00f3n\" \/>\n<meta property=\"og:description\" content=\"Descubre c\u00f3mo crecer\u00eda tu dinero invertido con nuestra calculadora de Finhabits Esta gr\u00e1fica muestra una estimaci\u00f3n de cu\u00e1nto podr\u00eda crecer una inversi\u00f3n\" \/>\n<meta property=\"og:url\" content=\"https:\/\/www.finhabits.com\/es\/calculadora-inversion\/\" \/>\n<meta property=\"og:site_name\" content=\"Finhabits\" \/>\n<meta property=\"article:publisher\" content=\"https:\/\/www.facebook.com\/Finhabits\" \/>\n<meta property=\"article:modified_time\" content=\"2026-01-12T19:33:20+00:00\" \/>\n<meta property=\"og:image\" content=\"https:\/\/www.finhabits.com\/wp-content\/uploads\/2025\/09\/image-4.png\" \/>\n\t<meta property=\"og:image:width\" content=\"1201\" \/>\n\t<meta property=\"og:image:height\" content=\"919\" \/>\n\t<meta property=\"og:image:type\" content=\"image\/png\" \/>\n<meta name=\"twitter:card\" content=\"summary_large_image\" \/>\n<meta name=\"twitter:label1\" content=\"Est. reading time\" \/>\n\t<meta name=\"twitter:data1\" content=\"4 minutes\" \/>\n<!-- \/ Yoast SEO Premium plugin. -->","yoast_head_json":{"title":"Calculadora gratuita de inversi\u00f3n inteligente - Finhabits","description":"Calcula cu\u00e1nto puede crecer tu dinero: aportes, tiempo y rendimiento. Visualiza el inter\u00e9s compuesto y ajusta metas realistas con la calculadora Finhabits.","robots":{"index":"index","follow":"follow","max-snippet":"max-snippet:-1","max-image-preview":"max-image-preview:large","max-video-preview":"max-video-preview:-1"},"canonical":"https:\/\/www.finhabits.com\/es\/calculadora-inversion\/","og_locale":"es_ES","og_type":"article","og_title":"Calculadora Inversi\u00f3n","og_description":"Descubre c\u00f3mo crecer\u00eda tu dinero invertido con nuestra calculadora de Finhabits Esta gr\u00e1fica muestra una estimaci\u00f3n de cu\u00e1nto podr\u00eda crecer una inversi\u00f3n","og_url":"https:\/\/www.finhabits.com\/es\/calculadora-inversion\/","og_site_name":"Finhabits","article_publisher":"https:\/\/www.facebook.com\/Finhabits","article_modified_time":"2026-01-12T19:33:20+00:00","og_image":[{"width":1201,"height":919,"url":"https:\/\/www.finhabits.com\/wp-content\/uploads\/2025\/09\/image-4.png","type":"image\/png"}],"twitter_card":"summary_large_image","twitter_misc":{"Est. reading time":"4 minutes"},"schema":{"@context":"https:\/\/schema.org","@graph":[{"@type":"WebPage","@id":"https:\/\/www.finhabits.com\/es\/calculadora-inversion\/","url":"https:\/\/www.finhabits.com\/es\/calculadora-inversion\/","name":"Calculadora gratuita de inversi\u00f3n inteligente - Finhabits","isPartOf":{"@id":"https:\/\/www.finhabits.com\/#website"},"datePublished":"2024-03-15T02:16:57+00:00","dateModified":"2026-01-12T19:33:20+00:00","description":"Calcula cu\u00e1nto puede crecer tu dinero: aportes, tiempo y rendimiento. Visualiza el inter\u00e9s compuesto y ajusta metas realistas con la calculadora Finhabits.","breadcrumb":{"@id":"https:\/\/www.finhabits.com\/es\/calculadora-inversion\/#breadcrumb"},"inLanguage":"es-US","potentialAction":[{"@type":"ReadAction","target":["https:\/\/www.finhabits.com\/es\/calculadora-inversion\/"]}]},{"@type":"BreadcrumbList","@id":"https:\/\/www.finhabits.com\/es\/calculadora-inversion\/#breadcrumb","itemListElement":[{"@type":"ListItem","position":1,"name":"Home","item":"https:\/\/www.finhabits.com\/es\/"},{"@type":"ListItem","position":2,"name":"Calculadora Inversi\u00f3n"}]},{"@type":"WebSite","@id":"https:\/\/www.finhabits.com\/#website","url":"https:\/\/www.finhabits.com\/","name":"Finhabits: C\u00f3mo invertir en la bolsa de valores - Descarga la App","description":"Invierte, Health Insurance, Retirement","publisher":{"@id":"https:\/\/www.finhabits.com\/#organization"},"potentialAction":[{"@type":"SearchAction","target":{"@type":"EntryPoint","urlTemplate":"https:\/\/www.finhabits.com\/?s={search_term_string}"},"query-input":{"@type":"PropertyValueSpecification","valueRequired":true,"valueName":"search_term_string"}}],"inLanguage":"es-US"},{"@type":"Organization","@id":"https:\/\/www.finhabits.com\/#organization","name":"FINHABITS","url":"https:\/\/www.finhabits.com\/","logo":{"@type":"ImageObject","inLanguage":"es-US","@id":"https:\/\/www.finhabits.com\/#\/schema\/logo\/image\/","url":"https:\/\/www.finhabits.com\/wp-content\/uploads\/2024\/03\/finhabits-logo-696.jpg","contentUrl":"https:\/\/www.finhabits.com\/wp-content\/uploads\/2024\/03\/finhabits-logo-696.jpg","width":696,"height":696,"caption":"FINHABITS"},"image":{"@id":"https:\/\/www.finhabits.com\/#\/schema\/logo\/image\/"},"sameAs":["https:\/\/www.facebook.com\/Finhabits","https:\/\/www.instagram.com\/finhabits\/","https:\/\/www.youtube.com\/channel\/UCZ3IANIWHqEKFXWH5MHn9JQ"]}]}},"_links":{"self":[{"href":"https:\/\/www.finhabits.com\/es\/wp-json\/wp\/v2\/pages\/12444","targetHints":{"allow":["GET"]}}],"collection":[{"href":"https:\/\/www.finhabits.com\/es\/wp-json\/wp\/v2\/pages"}],"about":[{"href":"https:\/\/www.finhabits.com\/es\/wp-json\/wp\/v2\/types\/page"}],"author":[{"embeddable":true,"href":"https:\/\/www.finhabits.com\/es\/wp-json\/wp\/v2\/users\/4"}],"replies":[{"embeddable":true,"href":"https:\/\/www.finhabits.com\/es\/wp-json\/wp\/v2\/comments?post=12444"}],"version-history":[{"count":11,"href":"https:\/\/www.finhabits.com\/es\/wp-json\/wp\/v2\/pages\/12444\/revisions"}],"predecessor-version":[{"id":35362,"href":"https:\/\/www.finhabits.com\/es\/wp-json\/wp\/v2\/pages\/12444\/revisions\/35362"}],"wp:attachment":[{"href":"https:\/\/www.finhabits.com\/es\/wp-json\/wp\/v2\/media?parent=12444"}],"curies":[{"name":"wp","href":"https:\/\/api.w.org\/{rel}","templated":true}]}}