{"id":13448,"date":"2024-06-26T19:35:24","date_gmt":"2024-06-27T02:35:24","guid":{"rendered":"https:\/\/finhabits.com\/?page_id=13448"},"modified":"2024-06-29T22:57:38","modified_gmt":"2024-06-30T05:57:38","slug":"aviso-legal-del-rendimiento-de-la-inversion","status":"publish","type":"page","link":"https:\/\/www.finhabits.com\/es\/aviso-legal-del-rendimiento-de-la-inversion\/","title":{"rendered":"Aviso legal del rendimiento de la inversi\u00f3n"},"content":{"rendered":"\t\t<div data-elementor-type=\"wp-page\" data-elementor-id=\"13448\" class=\"elementor elementor-13448\" data-elementor-post-type=\"page\">\n\t\t\t\t\t\t<section class=\"elementor-section elementor-top-section elementor-element elementor-element-1506bdab elementor-section-boxed elementor-section-height-default elementor-section-height-default\" data-id=\"1506bdab\" data-element_type=\"section\" data-e-type=\"section\">\n\t\t\t\t\t\t<div class=\"elementor-container elementor-column-gap-default\">\n\t\t\t\t\t<div class=\"elementor-column elementor-col-100 elementor-top-column elementor-element elementor-element-5c73cab\" data-id=\"5c73cab\" data-element_type=\"column\" data-e-type=\"column\">\n\t\t\t<div class=\"elementor-widget-wrap elementor-element-populated\">\n\t\t\t\t\t\t<div class=\"elementor-element elementor-element-6c512141 elementor-widget elementor-widget-text-editor\" data-id=\"6c512141\" data-element_type=\"widget\" data-e-type=\"widget\" data-widget_type=\"text-editor.default\">\n\t\t\t\t<div class=\"elementor-widget-container\">\n\t\t\t\t\t\t\t\t\t<h2 style=\"text-align: center;\">Aviso legal del rendimiento de la inversi\u00f3n<\/h2>\n<p style=\"text-align: center;\">El rendimiento es hipot\u00e9tico y no representa el rendimiento real. El rendimiento real puede variar. El rendimiento se proporciona s\u00f3lo con fines informativos. Los rendimientos anuales esperados a largo plazo del 7% descritos se calculan utilizando una cartera diversificada. Los rendimientos esperados asumen una contribuci\u00f3n semanal de $250 por un periodo de 6.5 a\u00f1os.<\/p>\n<p style=\"text-align: center;\">Todas las inversiones implican riesgo y pueden resultar en la p\u00e9rdida de capital. No asegurado por el FDIC. No hay garant\u00eda bancaria.<\/p>\n<p style=\"text-align: center;\">Finhabits no proporciona asesor\u00eda fiscal. Consulte a un asesor de impuestos para cualquier duda.<\/p>\t\t\t\t\t\t\t\t<\/div>\n\t\t\t\t<\/div>\n\t\t\t\t\t<\/div>\n\t\t<\/div>\n\t\t\t\t\t<\/div>\n\t\t<\/section>\n\t\t\t\t<\/div>\n\t\t","protected":false},"excerpt":{"rendered":"<p>Aviso legal del rendimiento de la inversi\u00f3n El rendimiento es hipot\u00e9tico y no representa el rendimiento real. El rendimiento real puede variar. El rendimiento se proporciona s\u00f3lo con fines informativos. Los rendimientos anuales esperados a largo plazo del 7% descritos se calculan utilizando una cartera diversificada. Los rendimientos esperados asumen una contribuci\u00f3n semanal de $250 [&hellip;]<\/p>\n","protected":false},"author":4,"featured_media":0,"parent":0,"menu_order":0,"comment_status":"closed","ping_status":"closed","template":"","meta":{"footnotes":""},"class_list":["post-13448","page","type-page","status-publish","hentry"],"yoast_head":"<!-- This site is optimized with the Yoast SEO Premium plugin v27.1 (Yoast SEO v27.1.1) - https:\/\/yoast.com\/product\/yoast-seo-premium-wordpress\/ -->\n<title>Aviso legal sobre rendimiento de inversi\u00f3n - Finhabits<\/title>\n<meta name=\"description\" content=\"Rendimientos ilustrativos: carteras diversificadas y aportes. El desempe\u00f1o pasado no garantiza resultados futuros; puedes perder dinero. Riesgo de p\u00e9rdida.\" \/>\n<meta name=\"robots\" content=\"index, follow, max-snippet:-1, max-image-preview:large, max-video-preview:-1\" \/>\n<link rel=\"canonical\" href=\"https:\/\/www.finhabits.com\/es\/aviso-legal-del-rendimiento-de-la-inversion\/\" \/>\n<meta property=\"og:locale\" content=\"es_ES\" \/>\n<meta property=\"og:type\" content=\"article\" \/>\n<meta property=\"og:title\" content=\"Aviso legal del rendimiento de la inversi\u00f3n\" \/>\n<meta property=\"og:description\" content=\"Aviso legal del rendimiento de la inversi\u00f3n El rendimiento es hipot\u00e9tico y no representa el rendimiento real. El rendimiento real puede variar. El\" \/>\n<meta property=\"og:url\" content=\"https:\/\/www.finhabits.com\/es\/aviso-legal-del-rendimiento-de-la-inversion\/\" \/>\n<meta property=\"og:site_name\" content=\"Finhabits\" \/>\n<meta property=\"article:publisher\" content=\"https:\/\/www.facebook.com\/Finhabits\" \/>\n<meta property=\"article:modified_time\" content=\"2024-06-30T05:57:38+00:00\" \/>\n<meta property=\"og:image\" content=\"https:\/\/www.finhabits.com\/wp-content\/uploads\/2025\/09\/image-4.png\" \/>\n\t<meta property=\"og:image:width\" content=\"1201\" \/>\n\t<meta property=\"og:image:height\" content=\"919\" \/>\n\t<meta property=\"og:image:type\" content=\"image\/png\" \/>\n<meta name=\"twitter:card\" content=\"summary_large_image\" \/>\n<meta name=\"twitter:label1\" content=\"Est. reading time\" \/>\n\t<meta name=\"twitter:data1\" content=\"1 minute\" \/>\n<!-- \/ Yoast SEO Premium plugin. -->","yoast_head_json":{"title":"Aviso legal sobre rendimiento de inversi\u00f3n - Finhabits","description":"Rendimientos ilustrativos: carteras diversificadas y aportes. El desempe\u00f1o pasado no garantiza resultados futuros; puedes perder dinero. Riesgo de p\u00e9rdida.","robots":{"index":"index","follow":"follow","max-snippet":"max-snippet:-1","max-image-preview":"max-image-preview:large","max-video-preview":"max-video-preview:-1"},"canonical":"https:\/\/www.finhabits.com\/es\/aviso-legal-del-rendimiento-de-la-inversion\/","og_locale":"es_ES","og_type":"article","og_title":"Aviso legal del rendimiento de la inversi\u00f3n","og_description":"Aviso legal del rendimiento de la inversi\u00f3n El rendimiento es hipot\u00e9tico y no representa el rendimiento real. El rendimiento real puede variar. El","og_url":"https:\/\/www.finhabits.com\/es\/aviso-legal-del-rendimiento-de-la-inversion\/","og_site_name":"Finhabits","article_publisher":"https:\/\/www.facebook.com\/Finhabits","article_modified_time":"2024-06-30T05:57:38+00:00","og_image":[{"width":1201,"height":919,"url":"https:\/\/www.finhabits.com\/wp-content\/uploads\/2025\/09\/image-4.png","type":"image\/png"}],"twitter_card":"summary_large_image","twitter_misc":{"Est. reading time":"1 minute"},"schema":{"@context":"https:\/\/schema.org","@graph":[{"@type":"WebPage","@id":"https:\/\/www.finhabits.com\/es\/aviso-legal-del-rendimiento-de-la-inversion\/","url":"https:\/\/www.finhabits.com\/es\/aviso-legal-del-rendimiento-de-la-inversion\/","name":"Aviso legal sobre rendimiento de inversi\u00f3n - Finhabits","isPartOf":{"@id":"https:\/\/www.finhabits.com\/#website"},"datePublished":"2024-06-27T02:35:24+00:00","dateModified":"2024-06-30T05:57:38+00:00","description":"Rendimientos ilustrativos: carteras diversificadas y aportes. El desempe\u00f1o pasado no garantiza resultados futuros; puedes perder dinero. Riesgo de p\u00e9rdida.","breadcrumb":{"@id":"https:\/\/www.finhabits.com\/es\/aviso-legal-del-rendimiento-de-la-inversion\/#breadcrumb"},"inLanguage":"es-US","potentialAction":[{"@type":"ReadAction","target":["https:\/\/www.finhabits.com\/es\/aviso-legal-del-rendimiento-de-la-inversion\/"]}]},{"@type":"BreadcrumbList","@id":"https:\/\/www.finhabits.com\/es\/aviso-legal-del-rendimiento-de-la-inversion\/#breadcrumb","itemListElement":[{"@type":"ListItem","position":1,"name":"Home","item":"https:\/\/www.finhabits.com\/es\/"},{"@type":"ListItem","position":2,"name":"Aviso legal del rendimiento de la inversi\u00f3n"}]},{"@type":"WebSite","@id":"https:\/\/www.finhabits.com\/#website","url":"https:\/\/www.finhabits.com\/","name":"Finhabits: C\u00f3mo invertir en la bolsa de valores - Descarga la App","description":"Invierte, Health Insurance, Retirement","publisher":{"@id":"https:\/\/www.finhabits.com\/#organization"},"potentialAction":[{"@type":"SearchAction","target":{"@type":"EntryPoint","urlTemplate":"https:\/\/www.finhabits.com\/?s={search_term_string}"},"query-input":{"@type":"PropertyValueSpecification","valueRequired":true,"valueName":"search_term_string"}}],"inLanguage":"es-US"},{"@type":"Organization","@id":"https:\/\/www.finhabits.com\/#organization","name":"FINHABITS","url":"https:\/\/www.finhabits.com\/","logo":{"@type":"ImageObject","inLanguage":"es-US","@id":"https:\/\/www.finhabits.com\/#\/schema\/logo\/image\/","url":"https:\/\/www.finhabits.com\/wp-content\/uploads\/2024\/03\/finhabits-logo-696.jpg","contentUrl":"https:\/\/www.finhabits.com\/wp-content\/uploads\/2024\/03\/finhabits-logo-696.jpg","width":696,"height":696,"caption":"FINHABITS"},"image":{"@id":"https:\/\/www.finhabits.com\/#\/schema\/logo\/image\/"},"sameAs":["https:\/\/www.facebook.com\/Finhabits","https:\/\/www.instagram.com\/finhabits\/","https:\/\/www.youtube.com\/channel\/UCZ3IANIWHqEKFXWH5MHn9JQ"]}]}},"_links":{"self":[{"href":"https:\/\/www.finhabits.com\/es\/wp-json\/wp\/v2\/pages\/13448","targetHints":{"allow":["GET"]}}],"collection":[{"href":"https:\/\/www.finhabits.com\/es\/wp-json\/wp\/v2\/pages"}],"about":[{"href":"https:\/\/www.finhabits.com\/es\/wp-json\/wp\/v2\/types\/page"}],"author":[{"embeddable":true,"href":"https:\/\/www.finhabits.com\/es\/wp-json\/wp\/v2\/users\/4"}],"replies":[{"embeddable":true,"href":"https:\/\/www.finhabits.com\/es\/wp-json\/wp\/v2\/comments?post=13448"}],"version-history":[{"count":0,"href":"https:\/\/www.finhabits.com\/es\/wp-json\/wp\/v2\/pages\/13448\/revisions"}],"wp:attachment":[{"href":"https:\/\/www.finhabits.com\/es\/wp-json\/wp\/v2\/media?parent=13448"}],"curies":[{"name":"wp","href":"https:\/\/api.w.org\/{rel}","templated":true}]}}