{"id":1394,"date":"2023-04-20T07:21:55","date_gmt":"2023-04-20T14:21:55","guid":{"rendered":"https:\/\/finhabits.com\/lear-center\/"},"modified":"2024-04-04T16:54:35","modified_gmt":"2024-04-04T23:54:35","slug":"centro-de-aprendizaje","status":"publish","type":"page","link":"https:\/\/www.finhabits.com\/es\/centro-de-aprendizaje\/","title":{"rendered":"Centro de Aprendizaje"},"content":{"rendered":"\t\t<div data-elementor-type=\"wp-page\" data-elementor-id=\"1394\" class=\"elementor elementor-1394\" data-elementor-post-type=\"page\">\n\t\t\t\t\t\t<section class=\"elementor-section elementor-top-section elementor-element elementor-element-15f6a61 elementor-section-boxed elementor-section-height-default elementor-section-height-default\" data-id=\"15f6a61\" data-element_type=\"section\" data-e-type=\"section\">\n\t\t\t\t\t\t<div class=\"elementor-container elementor-column-gap-default\">\n\t\t\t\t\t<div class=\"elementor-column elementor-col-100 elementor-top-column elementor-element elementor-element-402f138\" data-id=\"402f138\" data-element_type=\"column\" data-e-type=\"column\">\n\t\t\t<div class=\"elementor-widget-wrap elementor-element-populated\">\n\t\t\t\t\t\t<div class=\"elementor-element elementor-element-38af654 elementor-widget elementor-widget-text-editor\" data-id=\"38af654\" data-element_type=\"widget\" data-e-type=\"widget\" data-widget_type=\"text-editor.default\">\n\t\t\t\t<div class=\"elementor-widget-container\">\n\t\t\t\t\t\t\t\t\t<h1 class=\"font_2 wixui-rich-text__text\" style=\"text-align: center;\">401k Blog<\/h1>\t\t\t\t\t\t\t\t<\/div>\n\t\t\t\t<\/div>\n\t\t\t\t\t<\/div>\n\t\t<\/div>\n\t\t\t\t\t<\/div>\n\t\t<\/section>\n\t\t\t\t<\/div>\n\t\t","protected":false},"excerpt":{"rendered":"<p>401k Blog<\/p>\n","protected":false},"author":4,"featured_media":0,"parent":0,"menu_order":0,"comment_status":"closed","ping_status":"closed","template":"","meta":{"footnotes":""},"class_list":["post-1394","page","type-page","status-publish","hentry"],"yoast_head":"<!-- This site is optimized with the Yoast SEO Premium plugin v27.1 (Yoast SEO v27.1.1) - https:\/\/yoast.com\/product\/yoast-seo-premium-wordpress\/ -->\n<title>Centro de Aprendizaje Finhabits: Gu\u00edas financieras<\/title>\n<meta name=\"description\" content=\"Aprende finanzas sin rodeos: gu\u00edas, retos y ejemplos claros para ahorrar, invertir y evitar errores caros. Tu biblioteca pr\u00e1ctica de educaci\u00f3n financiera hoy.\" \/>\n<meta name=\"robots\" content=\"index, follow, max-snippet:-1, max-image-preview:large, max-video-preview:-1\" \/>\n<link rel=\"canonical\" href=\"https:\/\/www.finhabits.com\/es\/centro-de-aprendizaje\/\" \/>\n<meta property=\"og:locale\" content=\"es_ES\" \/>\n<meta property=\"og:type\" content=\"article\" \/>\n<meta property=\"og:title\" content=\"Centro de Aprendizaje\" \/>\n<meta property=\"og:description\" content=\"401k Blog\" \/>\n<meta property=\"og:url\" content=\"https:\/\/www.finhabits.com\/es\/centro-de-aprendizaje\/\" \/>\n<meta property=\"og:site_name\" content=\"Finhabits\" \/>\n<meta property=\"article:publisher\" content=\"https:\/\/www.facebook.com\/Finhabits\" \/>\n<meta property=\"article:modified_time\" content=\"2024-04-04T23:54:35+00:00\" \/>\n<meta property=\"og:image\" content=\"https:\/\/www.finhabits.com\/wp-content\/uploads\/2025\/09\/image-4.png\" \/>\n\t<meta property=\"og:image:width\" content=\"1201\" \/>\n\t<meta property=\"og:image:height\" content=\"919\" \/>\n\t<meta property=\"og:image:type\" content=\"image\/png\" \/>\n<meta name=\"twitter:card\" content=\"summary_large_image\" \/>\n<meta name=\"twitter:label1\" content=\"Est. reading time\" \/>\n\t<meta name=\"twitter:data1\" content=\"3 minutes\" \/>\n<!-- \/ Yoast SEO Premium plugin. -->","yoast_head_json":{"title":"Centro de Aprendizaje Finhabits: Gu\u00edas financieras","description":"Aprende finanzas sin rodeos: gu\u00edas, retos y ejemplos claros para ahorrar, invertir y evitar errores caros. Tu biblioteca pr\u00e1ctica de educaci\u00f3n financiera hoy.","robots":{"index":"index","follow":"follow","max-snippet":"max-snippet:-1","max-image-preview":"max-image-preview:large","max-video-preview":"max-video-preview:-1"},"canonical":"https:\/\/www.finhabits.com\/es\/centro-de-aprendizaje\/","og_locale":"es_ES","og_type":"article","og_title":"Centro de Aprendizaje","og_description":"401k Blog","og_url":"https:\/\/www.finhabits.com\/es\/centro-de-aprendizaje\/","og_site_name":"Finhabits","article_publisher":"https:\/\/www.facebook.com\/Finhabits","article_modified_time":"2024-04-04T23:54:35+00:00","og_image":[{"width":1201,"height":919,"url":"https:\/\/www.finhabits.com\/wp-content\/uploads\/2025\/09\/image-4.png","type":"image\/png"}],"twitter_card":"summary_large_image","twitter_misc":{"Est. reading time":"3 minutes"},"schema":{"@context":"https:\/\/schema.org","@graph":[{"@type":"WebPage","@id":"https:\/\/www.finhabits.com\/es\/centro-de-aprendizaje\/","url":"https:\/\/www.finhabits.com\/es\/centro-de-aprendizaje\/","name":"Centro de Aprendizaje Finhabits: Gu\u00edas financieras","isPartOf":{"@id":"https:\/\/www.finhabits.com\/#website"},"datePublished":"2023-04-20T14:21:55+00:00","dateModified":"2024-04-04T23:54:35+00:00","description":"Aprende finanzas sin rodeos: gu\u00edas, retos y ejemplos claros para ahorrar, invertir y evitar errores caros. Tu biblioteca pr\u00e1ctica de educaci\u00f3n financiera hoy.","breadcrumb":{"@id":"https:\/\/www.finhabits.com\/es\/centro-de-aprendizaje\/#breadcrumb"},"inLanguage":"es-US","potentialAction":[{"@type":"ReadAction","target":["https:\/\/www.finhabits.com\/es\/centro-de-aprendizaje\/"]}]},{"@type":"BreadcrumbList","@id":"https:\/\/www.finhabits.com\/es\/centro-de-aprendizaje\/#breadcrumb","itemListElement":[{"@type":"ListItem","position":1,"name":"Home","item":"https:\/\/www.finhabits.com\/"},{"@type":"ListItem","position":2,"name":"Centro de Aprendizaje"}]},{"@type":"WebSite","@id":"https:\/\/www.finhabits.com\/#website","url":"https:\/\/www.finhabits.com\/","name":"Finhabits: C\u00f3mo invertir en la bolsa de valores - Descarga la App","description":"Invierte, Health Insurance, Retirement","publisher":{"@id":"https:\/\/www.finhabits.com\/#organization"},"potentialAction":[{"@type":"SearchAction","target":{"@type":"EntryPoint","urlTemplate":"https:\/\/www.finhabits.com\/?s={search_term_string}"},"query-input":{"@type":"PropertyValueSpecification","valueRequired":true,"valueName":"search_term_string"}}],"inLanguage":"es-US"},{"@type":"Organization","@id":"https:\/\/www.finhabits.com\/#organization","name":"FINHABITS","url":"https:\/\/www.finhabits.com\/","logo":{"@type":"ImageObject","inLanguage":"es-US","@id":"https:\/\/www.finhabits.com\/#\/schema\/logo\/image\/","url":"https:\/\/www.finhabits.com\/wp-content\/uploads\/2024\/03\/finhabits-logo-696.jpg","contentUrl":"https:\/\/www.finhabits.com\/wp-content\/uploads\/2024\/03\/finhabits-logo-696.jpg","width":696,"height":696,"caption":"FINHABITS"},"image":{"@id":"https:\/\/www.finhabits.com\/#\/schema\/logo\/image\/"},"sameAs":["https:\/\/www.facebook.com\/Finhabits","https:\/\/www.instagram.com\/finhabits\/","https:\/\/www.youtube.com\/channel\/UCZ3IANIWHqEKFXWH5MHn9JQ"]}]}},"_links":{"self":[{"href":"https:\/\/www.finhabits.com\/es\/wp-json\/wp\/v2\/pages\/1394","targetHints":{"allow":["GET"]}}],"collection":[{"href":"https:\/\/www.finhabits.com\/es\/wp-json\/wp\/v2\/pages"}],"about":[{"href":"https:\/\/www.finhabits.com\/es\/wp-json\/wp\/v2\/types\/page"}],"author":[{"embeddable":true,"href":"https:\/\/www.finhabits.com\/es\/wp-json\/wp\/v2\/users\/4"}],"replies":[{"embeddable":true,"href":"https:\/\/www.finhabits.com\/es\/wp-json\/wp\/v2\/comments?post=1394"}],"version-history":[{"count":0,"href":"https:\/\/www.finhabits.com\/es\/wp-json\/wp\/v2\/pages\/1394\/revisions"}],"wp:attachment":[{"href":"https:\/\/www.finhabits.com\/es\/wp-json\/wp\/v2\/media?parent=1394"}],"curies":[{"name":"wp","href":"https:\/\/api.w.org\/{rel}","templated":true}]}}