{"id":14293,"date":"2024-07-30T23:44:20","date_gmt":"2024-07-31T03:44:20","guid":{"rendered":"https:\/\/finhabits.com\/invirtiendo-con-finhabits\/"},"modified":"2025-12-18T15:20:21","modified_gmt":"2025-12-18T20:20:21","slug":"invirtiendo-con-finhabits","status":"publish","type":"page","link":"https:\/\/www.finhabits.com\/es\/invirtiendo-con-finhabits\/","title":{"rendered":"Invirtiendo con Finhabits"},"content":{"rendered":"\t\t<div data-elementor-type=\"wp-page\" data-elementor-id=\"14293\" class=\"elementor elementor-14293 elementor-13876\" data-elementor-post-type=\"page\">\n\t\t\t\t\t\t<section class=\"elementor-section elementor-top-section elementor-element elementor-element-c65c8d1 elementor-section-boxed elementor-section-height-default elementor-section-height-default\" data-id=\"c65c8d1\" data-element_type=\"section\" data-e-type=\"section\" data-settings=\"{&quot;background_background&quot;:&quot;classic&quot;}\">\n\t\t\t\t\t\t<div class=\"elementor-container elementor-column-gap-default\">\n\t\t\t\t\t<div class=\"elementor-column elementor-col-100 elementor-top-column elementor-element elementor-element-1378e5a\" data-id=\"1378e5a\" data-element_type=\"column\" data-e-type=\"column\">\n\t\t\t<div class=\"elementor-widget-wrap elementor-element-populated\">\n\t\t\t\t\t\t<div class=\"elementor-element elementor-element-b0c56cc elementor-widget elementor-widget-heading\" data-id=\"b0c56cc\" data-element_type=\"widget\" data-e-type=\"widget\" data-widget_type=\"heading.default\">\n\t\t\t\t<div class=\"elementor-widget-container\">\n\t\t\t\t\t<h1 class=\"elementor-heading-title elementor-size-default\"><a href=\"https:\/\/www.finhabits.com\/es\/centro-de-ayuda-finhabits\/\">Centro de Ayuda Finhabits<\/a><\/h1>\t\t\t\t<\/div>\n\t\t\t\t<\/div>\n\t\t\t\t\t<\/div>\n\t\t<\/div>\n\t\t\t\t\t<\/div>\n\t\t<\/section>\n\t\t\t\t<section class=\"elementor-section elementor-top-section elementor-element elementor-element-5ba7de6 elementor-section-boxed elementor-section-height-default elementor-section-height-default\" data-id=\"5ba7de6\" data-element_type=\"section\" data-e-type=\"section\" data-settings=\"{&quot;background_background&quot;:&quot;classic&quot;}\">\n\t\t\t\t\t\t<div class=\"elementor-container elementor-column-gap-default\">\n\t\t\t\t\t<div class=\"elementor-column elementor-col-100 elementor-top-column elementor-element elementor-element-e0003ec\" data-id=\"e0003ec\" data-element_type=\"column\" data-e-type=\"column\">\n\t\t\t<div class=\"elementor-widget-wrap elementor-element-populated\">\n\t\t\t\t\t\t<div class=\"elementor-element elementor-element-38e59d2 elementor-widget elementor-widget-heading\" data-id=\"38e59d2\" data-element_type=\"widget\" data-e-type=\"widget\" data-widget_type=\"heading.default\">\n\t\t\t\t<div class=\"elementor-widget-container\">\n\t\t\t\t\t<h2 class=\"elementor-heading-title elementor-size-default\">Invirtiendo con Finhabits<\/h2>\t\t\t\t<\/div>\n\t\t\t\t<\/div>\n\t\t\t\t<div class=\"elementor-element elementor-element-aff7610 elementor-widget elementor-widget-text-editor\" data-id=\"aff7610\" data-element_type=\"widget\" data-e-type=\"widget\" data-widget_type=\"text-editor.default\">\n\t\t\t\t<div class=\"elementor-widget-container\">\n\t\t\t\t\t\t\t\t\tEntiende los tipos de cuentas y su funcionamiento.\t\t\t\t\t\t\t\t<\/div>\n\t\t\t\t<\/div>\n\t\t\t\t\t<\/div>\n\t\t<\/div>\n\t\t\t\t\t<\/div>\n\t\t<\/section>\n\t\t\t\t<section class=\"elementor-section elementor-top-section elementor-element elementor-element-6a225ce elementor-section-boxed elementor-section-height-default elementor-section-height-default\" data-id=\"6a225ce\" data-element_type=\"section\" data-e-type=\"section\" data-settings=\"{&quot;background_background&quot;:&quot;classic&quot;}\">\n\t\t\t\t\t\t<div class=\"elementor-container elementor-column-gap-custom\">\n\t\t\t\t\t<div class=\"elementor-column elementor-col-50 elementor-top-column elementor-element elementor-element-25a264a\" data-id=\"25a264a\" data-element_type=\"column\" data-e-type=\"column\">\n\t\t\t<div class=\"elementor-widget-wrap elementor-element-populated\">\n\t\t\t\t\t\t<div class=\"elementor-element elementor-element-66a75d1 elementor-widget elementor-widget-heading\" data-id=\"66a75d1\" data-element_type=\"widget\" data-e-type=\"widget\" data-widget_type=\"heading.default\">\n\t\t\t\t<div class=\"elementor-widget-container\">\n\t\t\t\t\t<h2 class=\"elementor-heading-title elementor-size-default\">Cuentas de inversi\u00f3n de<BR>Finhabits<\/h2>\t\t\t\t<\/div>\n\t\t\t\t<\/div>\n\t\t\t\t\t<\/div>\n\t\t<\/div>\n\t\t\t\t<div class=\"elementor-column elementor-col-50 elementor-top-column elementor-element elementor-element-cc83f8c\" data-id=\"cc83f8c\" data-element_type=\"column\" data-e-type=\"column\">\n\t\t\t<div class=\"elementor-widget-wrap elementor-element-populated\">\n\t\t\t\t\t\t<div class=\"elementor-element elementor-element-70562e0 elementor-widget elementor-widget-heading\" data-id=\"70562e0\" data-element_type=\"widget\" data-e-type=\"widget\" data-widget_type=\"heading.default\">\n\t\t\t\t<div class=\"elementor-widget-container\">\n\t\t\t\t\t<h2 class=\"elementor-heading-title elementor-size-default\">Creaci\u00f3n y administraci\u00f3n de las cuentas de inversiones<\/h2>\t\t\t\t<\/div>\n\t\t\t\t<\/div>\n\t\t\t\t\t<\/div>\n\t\t<\/div>\n\t\t\t\t\t<\/div>\n\t\t<\/section>\n\t\t\t\t<\/div>\n\t\t","protected":false},"excerpt":{"rendered":"<p>Centro de Ayuda Finhabits Invirtiendo con Finhabits Entiende los tipos de cuentas y su funcionamiento. Cuentas de inversi\u00f3n deFinhabits Creaci\u00f3n y administraci\u00f3n de las cuentas de inversiones<\/p>\n","protected":false},"author":4,"featured_media":0,"parent":0,"menu_order":0,"comment_status":"closed","ping_status":"closed","template":"","meta":{"footnotes":""},"class_list":["post-14293","page","type-page","status-publish","hentry"],"yoast_head":"<!-- This site is optimized with the Yoast SEO Premium plugin v27.1 (Yoast SEO v27.1.1) - https:\/\/yoast.com\/product\/yoast-seo-premium-wordpress\/ -->\n<title>Invirtiendo con Finhabits: tu futuro financiero hoy<\/title>\n<meta name=\"description\" content=\"Abre tu cuenta de inversi\u00f3n en minutos. Portafolios diversificados, dep\u00f3sitos autom\u00e1ticos y soporte en espa\u00f1ol para construir patrimonio con claridad y crecer.\" \/>\n<meta name=\"robots\" content=\"index, follow, max-snippet:-1, max-image-preview:large, max-video-preview:-1\" \/>\n<link rel=\"canonical\" href=\"https:\/\/www.finhabits.com\/es\/invirtiendo-con-finhabits\/\" \/>\n<meta property=\"og:locale\" content=\"es_ES\" \/>\n<meta property=\"og:type\" content=\"article\" \/>\n<meta property=\"og:title\" content=\"Invirtiendo con Finhabits\" \/>\n<meta property=\"og:description\" content=\"Centro de Ayuda Finhabits Invirtiendo con Finhabits Entiende los tipos de cuentas y su funcionamiento. Cuentas de inversi\u00f3n deFinhabits Creaci\u00f3n y\" \/>\n<meta property=\"og:url\" content=\"https:\/\/www.finhabits.com\/es\/invirtiendo-con-finhabits\/\" \/>\n<meta property=\"og:site_name\" content=\"Finhabits\" \/>\n<meta property=\"article:publisher\" content=\"https:\/\/www.facebook.com\/Finhabits\" \/>\n<meta property=\"article:modified_time\" content=\"2025-12-18T20:20:21+00:00\" \/>\n<meta property=\"og:image\" content=\"https:\/\/www.finhabits.com\/wp-content\/uploads\/2025\/09\/image-4.png\" \/>\n\t<meta property=\"og:image:width\" content=\"1201\" \/>\n\t<meta property=\"og:image:height\" content=\"919\" \/>\n\t<meta property=\"og:image:type\" content=\"image\/png\" \/>\n<meta name=\"twitter:card\" content=\"summary_large_image\" \/>\n<meta name=\"twitter:label1\" content=\"Est. reading time\" \/>\n\t<meta name=\"twitter:data1\" content=\"2 minutes\" \/>\n<!-- \/ Yoast SEO Premium plugin. -->","yoast_head_json":{"title":"Invirtiendo con Finhabits: tu futuro financiero hoy","description":"Abre tu cuenta de inversi\u00f3n en minutos. Portafolios diversificados, dep\u00f3sitos autom\u00e1ticos y soporte en espa\u00f1ol para construir patrimonio con claridad y crecer.","robots":{"index":"index","follow":"follow","max-snippet":"max-snippet:-1","max-image-preview":"max-image-preview:large","max-video-preview":"max-video-preview:-1"},"canonical":"https:\/\/www.finhabits.com\/es\/invirtiendo-con-finhabits\/","og_locale":"es_ES","og_type":"article","og_title":"Invirtiendo con Finhabits","og_description":"Centro de Ayuda Finhabits Invirtiendo con Finhabits Entiende los tipos de cuentas y su funcionamiento. Cuentas de inversi\u00f3n deFinhabits Creaci\u00f3n y","og_url":"https:\/\/www.finhabits.com\/es\/invirtiendo-con-finhabits\/","og_site_name":"Finhabits","article_publisher":"https:\/\/www.facebook.com\/Finhabits","article_modified_time":"2025-12-18T20:20:21+00:00","og_image":[{"width":1201,"height":919,"url":"https:\/\/www.finhabits.com\/wp-content\/uploads\/2025\/09\/image-4.png","type":"image\/png"}],"twitter_card":"summary_large_image","twitter_misc":{"Est. reading time":"2 minutes"},"schema":{"@context":"https:\/\/schema.org","@graph":[{"@type":"WebPage","@id":"https:\/\/www.finhabits.com\/es\/invirtiendo-con-finhabits\/","url":"https:\/\/www.finhabits.com\/es\/invirtiendo-con-finhabits\/","name":"Invirtiendo con Finhabits: tu futuro financiero hoy","isPartOf":{"@id":"https:\/\/www.finhabits.com\/#website"},"datePublished":"2024-07-31T03:44:20+00:00","dateModified":"2025-12-18T20:20:21+00:00","description":"Abre tu cuenta de inversi\u00f3n en minutos. Portafolios diversificados, dep\u00f3sitos autom\u00e1ticos y soporte en espa\u00f1ol para construir patrimonio con claridad y crecer.","breadcrumb":{"@id":"https:\/\/www.finhabits.com\/es\/invirtiendo-con-finhabits\/#breadcrumb"},"inLanguage":"es-US","potentialAction":[{"@type":"ReadAction","target":["https:\/\/www.finhabits.com\/es\/invirtiendo-con-finhabits\/"]}]},{"@type":"BreadcrumbList","@id":"https:\/\/www.finhabits.com\/es\/invirtiendo-con-finhabits\/#breadcrumb","itemListElement":[{"@type":"ListItem","position":1,"name":"Home","item":"https:\/\/www.finhabits.com\/es\/"},{"@type":"ListItem","position":2,"name":"Invirtiendo con Finhabits"}]},{"@type":"WebSite","@id":"https:\/\/www.finhabits.com\/#website","url":"https:\/\/www.finhabits.com\/","name":"Finhabits: C\u00f3mo invertir en la bolsa de valores - Descarga la App","description":"Invierte, Health Insurance, Retirement","publisher":{"@id":"https:\/\/www.finhabits.com\/#organization"},"potentialAction":[{"@type":"SearchAction","target":{"@type":"EntryPoint","urlTemplate":"https:\/\/www.finhabits.com\/?s={search_term_string}"},"query-input":{"@type":"PropertyValueSpecification","valueRequired":true,"valueName":"search_term_string"}}],"inLanguage":"es-US"},{"@type":"Organization","@id":"https:\/\/www.finhabits.com\/#organization","name":"FINHABITS","url":"https:\/\/www.finhabits.com\/","logo":{"@type":"ImageObject","inLanguage":"es-US","@id":"https:\/\/www.finhabits.com\/#\/schema\/logo\/image\/","url":"https:\/\/www.finhabits.com\/wp-content\/uploads\/2024\/03\/finhabits-logo-696.jpg","contentUrl":"https:\/\/www.finhabits.com\/wp-content\/uploads\/2024\/03\/finhabits-logo-696.jpg","width":696,"height":696,"caption":"FINHABITS"},"image":{"@id":"https:\/\/www.finhabits.com\/#\/schema\/logo\/image\/"},"sameAs":["https:\/\/www.facebook.com\/Finhabits","https:\/\/www.instagram.com\/finhabits\/","https:\/\/www.youtube.com\/channel\/UCZ3IANIWHqEKFXWH5MHn9JQ"]}]}},"_links":{"self":[{"href":"https:\/\/www.finhabits.com\/es\/wp-json\/wp\/v2\/pages\/14293","targetHints":{"allow":["GET"]}}],"collection":[{"href":"https:\/\/www.finhabits.com\/es\/wp-json\/wp\/v2\/pages"}],"about":[{"href":"https:\/\/www.finhabits.com\/es\/wp-json\/wp\/v2\/types\/page"}],"author":[{"embeddable":true,"href":"https:\/\/www.finhabits.com\/es\/wp-json\/wp\/v2\/users\/4"}],"replies":[{"embeddable":true,"href":"https:\/\/www.finhabits.com\/es\/wp-json\/wp\/v2\/comments?post=14293"}],"version-history":[{"count":6,"href":"https:\/\/www.finhabits.com\/es\/wp-json\/wp\/v2\/pages\/14293\/revisions"}],"predecessor-version":[{"id":34100,"href":"https:\/\/www.finhabits.com\/es\/wp-json\/wp\/v2\/pages\/14293\/revisions\/34100"}],"wp:attachment":[{"href":"https:\/\/www.finhabits.com\/es\/wp-json\/wp\/v2\/media?parent=14293"}],"curies":[{"name":"wp","href":"https:\/\/api.w.org\/{rel}","templated":true}]}}