{"id":14303,"date":"2024-07-31T01:30:55","date_gmt":"2024-07-31T05:30:55","guid":{"rendered":"https:\/\/finhabits.com\/mas-acerca-de-finhabits\/"},"modified":"2025-07-29T12:59:19","modified_gmt":"2025-07-29T16:59:19","slug":"mas-acerca-de-finhabits","status":"publish","type":"page","link":"https:\/\/www.finhabits.com\/es\/mas-acerca-de-finhabits\/","title":{"rendered":"M\u00e1s acerca de Finhabits"},"content":{"rendered":"\t\t<div data-elementor-type=\"wp-page\" data-elementor-id=\"14303\" class=\"elementor elementor-14303 elementor-13991\" data-elementor-post-type=\"page\">\n\t\t\t\t\t\t<section class=\"elementor-section elementor-top-section elementor-element elementor-element-bdcc399 elementor-section-boxed elementor-section-height-default elementor-section-height-default\" data-id=\"bdcc399\" data-element_type=\"section\" data-e-type=\"section\" data-settings=\"{&quot;background_background&quot;:&quot;classic&quot;}\">\n\t\t\t\t\t\t<div class=\"elementor-container elementor-column-gap-default\">\n\t\t\t\t\t<div class=\"elementor-column elementor-col-100 elementor-top-column elementor-element elementor-element-1fe046c\" data-id=\"1fe046c\" data-element_type=\"column\" data-e-type=\"column\">\n\t\t\t<div class=\"elementor-widget-wrap elementor-element-populated\">\n\t\t\t\t\t\t<div class=\"elementor-element elementor-element-ec26509 elementor-widget elementor-widget-heading\" data-id=\"ec26509\" data-element_type=\"widget\" data-e-type=\"widget\" data-widget_type=\"heading.default\">\n\t\t\t\t<div class=\"elementor-widget-container\">\n\t\t\t\t\t<h1 class=\"elementor-heading-title elementor-size-default\"><a href=\"https:\/\/www.finhabits.com\/es\/centro-de-ayuda-finhabits\/\">Centro de Ayuda Finhabits<\/a><\/h1>\t\t\t\t<\/div>\n\t\t\t\t<\/div>\n\t\t\t\t\t<\/div>\n\t\t<\/div>\n\t\t\t\t\t<\/div>\n\t\t<\/section>\n\t\t\t\t<section class=\"elementor-section elementor-top-section elementor-element elementor-element-5ba7de6 elementor-section-boxed elementor-section-height-default elementor-section-height-default\" data-id=\"5ba7de6\" data-element_type=\"section\" data-e-type=\"section\" data-settings=\"{&quot;background_background&quot;:&quot;classic&quot;}\">\n\t\t\t\t\t\t<div class=\"elementor-container elementor-column-gap-default\">\n\t\t\t\t\t<div class=\"elementor-column elementor-col-100 elementor-top-column elementor-element elementor-element-e0003ec\" data-id=\"e0003ec\" data-element_type=\"column\" data-e-type=\"column\">\n\t\t\t<div class=\"elementor-widget-wrap elementor-element-populated\">\n\t\t\t\t\t\t<div class=\"elementor-element elementor-element-38e59d2 elementor-widget elementor-widget-heading\" data-id=\"38e59d2\" data-element_type=\"widget\" data-e-type=\"widget\" data-widget_type=\"heading.default\">\n\t\t\t\t<div class=\"elementor-widget-container\">\n\t\t\t\t\t<h2 class=\"elementor-heading-title elementor-size-default\">M\u00e1s acerca de Finhabits<\/h2>\t\t\t\t<\/div>\n\t\t\t\t<\/div>\n\t\t\t\t\t<\/div>\n\t\t<\/div>\n\t\t\t\t\t<\/div>\n\t\t<\/section>\n\t\t\t\t<section class=\"elementor-section elementor-top-section elementor-element elementor-element-6a225ce elementor-section-boxed elementor-section-height-default elementor-section-height-default\" data-id=\"6a225ce\" data-element_type=\"section\" data-e-type=\"section\" data-settings=\"{&quot;background_background&quot;:&quot;classic&quot;}\">\n\t\t\t\t\t\t<div class=\"elementor-container elementor-column-gap-custom\">\n\t\t\t\t\t<div class=\"elementor-column elementor-col-100 elementor-top-column elementor-element elementor-element-25a264a\" data-id=\"25a264a\" data-element_type=\"column\" data-e-type=\"column\">\n\t\t\t<div class=\"elementor-widget-wrap elementor-element-populated\">\n\t\t\t\t\t\t<div class=\"elementor-element elementor-element-78dd762 elementor-widget elementor-widget-heading\" data-id=\"78dd762\" data-element_type=\"widget\" data-e-type=\"widget\" data-widget_type=\"heading.default\">\n\t\t\t\t<div class=\"elementor-widget-container\">\n\t\t\t\t\t<h2 class=\"elementor-heading-title elementor-size-default\">Preguntas generales<\/h2>\t\t\t\t<\/div>\n\t\t\t\t<\/div>\n\t\t\t\t\t<\/div>\n\t\t<\/div>\n\t\t\t\t\t<\/div>\n\t\t<\/section>\n\t\t\t\t<\/div>\n\t\t","protected":false},"excerpt":{"rendered":"<p>Centro de Ayuda Finhabits M\u00e1s acerca de Finhabits Preguntas generales<\/p>\n","protected":false},"author":4,"featured_media":0,"parent":0,"menu_order":0,"comment_status":"closed","ping_status":"closed","template":"","meta":{"footnotes":""},"class_list":["post-14303","page","type-page","status-publish","hentry"],"yoast_head":"<!-- This site is optimized with the Yoast SEO Premium plugin v27.1 (Yoast SEO v27.1.1) - https:\/\/yoast.com\/product\/yoast-seo-premium-wordpress\/ -->\n<title>M\u00e1s sobre Finhabits: misi\u00f3n, historia y visi\u00f3n<\/title>\n<meta name=\"description\" content=\"Conoce la historia de Finhabits, la misi\u00f3n que impulsa la educaci\u00f3n financiera en EE.UU. y c\u00f3mo ayudamos a latinos a invertir y alcanzar estabilidad real.\" \/>\n<meta name=\"robots\" content=\"noindex, nofollow\" \/>\n<meta property=\"og:locale\" content=\"es_ES\" \/>\n<meta property=\"og:type\" content=\"article\" \/>\n<meta property=\"og:title\" content=\"M\u00e1s acerca de Finhabits\" \/>\n<meta property=\"og:description\" content=\"Centro de Ayuda Finhabits     M\u00e1s acerca de Finhabits     Preguntas generales\" \/>\n<meta property=\"og:url\" content=\"https:\/\/www.finhabits.com\/more-about-finhabits\/\" \/>\n<meta property=\"og:site_name\" content=\"Finhabits\" \/>\n<meta property=\"article:publisher\" content=\"https:\/\/www.facebook.com\/Finhabits\" \/>\n<meta property=\"article:modified_time\" content=\"2025-07-29T16:59:19+00:00\" \/>\n<meta property=\"og:image\" content=\"https:\/\/www.finhabits.com\/wp-content\/uploads\/2025\/09\/image-4.png\" \/>\n\t<meta property=\"og:image:width\" content=\"1201\" \/>\n\t<meta property=\"og:image:height\" content=\"919\" \/>\n\t<meta property=\"og:image:type\" content=\"image\/png\" \/>\n<meta name=\"twitter:card\" content=\"summary_large_image\" \/>\n<meta name=\"twitter:label1\" content=\"Est. reading time\" \/>\n\t<meta name=\"twitter:data1\" content=\"1 minute\" \/>\n<!-- \/ Yoast SEO Premium plugin. -->","yoast_head_json":{"title":"M\u00e1s sobre Finhabits: misi\u00f3n, historia y visi\u00f3n","description":"Conoce la historia de Finhabits, la misi\u00f3n que impulsa la educaci\u00f3n financiera en EE.UU. y c\u00f3mo ayudamos a latinos a invertir y alcanzar estabilidad real.","robots":{"index":"noindex","follow":"nofollow"},"og_locale":"es_ES","og_type":"article","og_title":"M\u00e1s acerca de Finhabits","og_description":"Centro de Ayuda Finhabits     M\u00e1s acerca de Finhabits     Preguntas generales","og_url":"https:\/\/www.finhabits.com\/more-about-finhabits\/","og_site_name":"Finhabits","article_publisher":"https:\/\/www.facebook.com\/Finhabits","article_modified_time":"2025-07-29T16:59:19+00:00","og_image":[{"width":1201,"height":919,"url":"https:\/\/www.finhabits.com\/wp-content\/uploads\/2025\/09\/image-4.png","type":"image\/png"}],"twitter_card":"summary_large_image","twitter_misc":{"Est. reading time":"1 minute"},"schema":{"@context":"https:\/\/schema.org","@graph":[{"@type":["WebPage","QAPage"],"@id":"https:\/\/www.finhabits.com\/more-about-finhabits\/","url":"https:\/\/www.finhabits.com\/more-about-finhabits\/","name":"M\u00e1s sobre Finhabits: misi\u00f3n, historia y visi\u00f3n","isPartOf":{"@id":"https:\/\/www.finhabits.com\/#website"},"datePublished":"2024-07-31T05:30:55+00:00","dateModified":"2025-07-29T16:59:19+00:00","description":"Conoce la historia de Finhabits, la misi\u00f3n que impulsa la educaci\u00f3n financiera en EE.UU. y c\u00f3mo ayudamos a latinos a invertir y alcanzar estabilidad real.","breadcrumb":{"@id":"https:\/\/www.finhabits.com\/more-about-finhabits\/#breadcrumb"},"inLanguage":"es-US","potentialAction":[{"@type":"ReadAction","target":["https:\/\/www.finhabits.com\/more-about-finhabits\/"]}]},{"@type":"BreadcrumbList","@id":"https:\/\/www.finhabits.com\/more-about-finhabits\/#breadcrumb","itemListElement":[{"@type":"ListItem","position":1,"name":"Home","item":"https:\/\/www.finhabits.com\/es\/"},{"@type":"ListItem","position":2,"name":"M\u00e1s acerca de Finhabits"}]},{"@type":"WebSite","@id":"https:\/\/www.finhabits.com\/#website","url":"https:\/\/www.finhabits.com\/","name":"Finhabits: C\u00f3mo invertir en la bolsa de valores - Descarga la App","description":"Invierte, Health Insurance, Retirement","publisher":{"@id":"https:\/\/www.finhabits.com\/#organization"},"potentialAction":[{"@type":"SearchAction","target":{"@type":"EntryPoint","urlTemplate":"https:\/\/www.finhabits.com\/?s={search_term_string}"},"query-input":{"@type":"PropertyValueSpecification","valueRequired":true,"valueName":"search_term_string"}}],"inLanguage":"es-US"},{"@type":"Organization","@id":"https:\/\/www.finhabits.com\/#organization","name":"FINHABITS","url":"https:\/\/www.finhabits.com\/","logo":{"@type":"ImageObject","inLanguage":"es-US","@id":"https:\/\/www.finhabits.com\/#\/schema\/logo\/image\/","url":"https:\/\/www.finhabits.com\/wp-content\/uploads\/2024\/03\/finhabits-logo-696.jpg","contentUrl":"https:\/\/www.finhabits.com\/wp-content\/uploads\/2024\/03\/finhabits-logo-696.jpg","width":696,"height":696,"caption":"FINHABITS"},"image":{"@id":"https:\/\/www.finhabits.com\/#\/schema\/logo\/image\/"},"sameAs":["https:\/\/www.facebook.com\/Finhabits","https:\/\/www.instagram.com\/finhabits\/","https:\/\/www.youtube.com\/channel\/UCZ3IANIWHqEKFXWH5MHn9JQ"]}]}},"_links":{"self":[{"href":"https:\/\/www.finhabits.com\/es\/wp-json\/wp\/v2\/pages\/14303","targetHints":{"allow":["GET"]}}],"collection":[{"href":"https:\/\/www.finhabits.com\/es\/wp-json\/wp\/v2\/pages"}],"about":[{"href":"https:\/\/www.finhabits.com\/es\/wp-json\/wp\/v2\/types\/page"}],"author":[{"embeddable":true,"href":"https:\/\/www.finhabits.com\/es\/wp-json\/wp\/v2\/users\/4"}],"replies":[{"embeddable":true,"href":"https:\/\/www.finhabits.com\/es\/wp-json\/wp\/v2\/comments?post=14303"}],"version-history":[{"count":3,"href":"https:\/\/www.finhabits.com\/es\/wp-json\/wp\/v2\/pages\/14303\/revisions"}],"predecessor-version":[{"id":21927,"href":"https:\/\/www.finhabits.com\/es\/wp-json\/wp\/v2\/pages\/14303\/revisions\/21927"}],"wp:attachment":[{"href":"https:\/\/www.finhabits.com\/es\/wp-json\/wp\/v2\/media?parent=14303"}],"curies":[{"name":"wp","href":"https:\/\/api.w.org\/{rel}","templated":true}]}}