{"id":15448,"date":"2024-10-11T17:17:09","date_gmt":"2024-10-11T21:17:09","guid":{"rendered":"https:\/\/finhabits.com\/appcalculator\/"},"modified":"2025-10-08T14:07:33","modified_gmt":"2025-10-08T18:07:33","slug":"appcalculator","status":"publish","type":"page","link":"https:\/\/www.finhabits.com\/es\/appcalculator\/","title":{"rendered":"appcalculator"},"content":{"rendered":"\t\t<div data-elementor-type=\"wp-page\" data-elementor-id=\"15448\" class=\"elementor elementor-15448 elementor-15442\" data-elementor-post-type=\"page\">\n\t\t\t\t\t\t<section class=\"elementor-section elementor-top-section elementor-element elementor-element-4964bc3 elementor-section-boxed elementor-section-height-default elementor-section-height-default\" data-id=\"4964bc3\" data-element_type=\"section\" data-e-type=\"section\">\n\t\t\t\t\t\t<div class=\"elementor-container elementor-column-gap-default\">\n\t\t\t\t\t<div class=\"elementor-column elementor-col-100 elementor-top-column elementor-element elementor-element-90b576e\" data-id=\"90b576e\" data-element_type=\"column\" data-e-type=\"column\">\n\t\t\t<div class=\"elementor-widget-wrap elementor-element-populated\">\n\t\t\t\t\t\t<div class=\"elementor-element elementor-element-99636e8 elementor-widget__width-initial elementor-widget elementor-widget-text-editor\" data-id=\"99636e8\" data-element_type=\"widget\" data-e-type=\"widget\" data-widget_type=\"text-editor.default\">\n\t\t\t\t<div class=\"elementor-widget-container\">\n\t\t\t\t\t\t\t\t\tDescubre c\u00f3mo crecer\u00eda tu dinero invertido con nuestra calculadora de Finhabits\t\t\t\t\t\t\t\t<\/div>\n\t\t\t\t<\/div>\n\t\t\t\t\t<\/div>\n\t\t<\/div>\n\t\t\t\t\t<\/div>\n\t\t<\/section>\n\t\t\t\t<section class=\"elementor-section elementor-top-section elementor-element elementor-element-3b4ea1a elementor-section-boxed elementor-section-height-default elementor-section-height-default\" data-id=\"3b4ea1a\" data-element_type=\"section\" data-e-type=\"section\">\n\t\t\t\t\t\t<div class=\"elementor-container elementor-column-gap-default\">\n\t\t\t\t\t<div class=\"elementor-column elementor-col-100 elementor-top-column elementor-element elementor-element-2243b4d\" data-id=\"2243b4d\" data-element_type=\"column\" data-e-type=\"column\">\n\t\t\t<div class=\"elementor-widget-wrap elementor-element-populated\">\n\t\t\t\t\t\t<div class=\"elementor-element elementor-element-0dd65a2 elementor-widget elementor-widget-html\" data-id=\"0dd65a2\" data-element_type=\"widget\" data-e-type=\"widget\" data-widget_type=\"html.default\">\n\t\t\t\t<div class=\"elementor-widget-container\">\n\t\t\t\t\t<iframe src=\"https:\/\/www.finhabits.com\/calculateES\/index.php\" class=\"iframeClass\"><\/iframe>\t\t\t\t<\/div>\n\t\t\t\t<\/div>\n\t\t\t\t\t<\/div>\n\t\t<\/div>\n\t\t\t\t\t<\/div>\n\t\t<\/section>\n\t\t\t\t<section class=\"elementor-section elementor-top-section elementor-element elementor-element-57e44fe elementor-section-boxed elementor-section-height-default elementor-section-height-default\" data-id=\"57e44fe\" data-element_type=\"section\" data-e-type=\"section\">\n\t\t\t\t\t\t<div class=\"elementor-container elementor-column-gap-default\">\n\t\t\t\t\t<div class=\"elementor-column elementor-col-100 elementor-top-column elementor-element elementor-element-ac2700a\" data-id=\"ac2700a\" data-element_type=\"column\" data-e-type=\"column\">\n\t\t\t<div class=\"elementor-widget-wrap elementor-element-populated\">\n\t\t\t\t\t\t<div class=\"elementor-element elementor-element-494f876 elementor-widget elementor-widget-text-editor\" data-id=\"494f876\" data-element_type=\"widget\" data-e-type=\"widget\" data-widget_type=\"text-editor.default\">\n\t\t\t\t<div class=\"elementor-widget-container\">\n\t\t\t\t\t\t\t\t\t<p style=\"text-align: center;\">Esta gr\u00e1fica muestra una estimaci\u00f3n de cu\u00e1nto podr\u00eda crecer una inversi\u00f3n con el tiempo seg\u00fan el dep\u00f3sito inicial, contribuciones recurrentes, el tiempo y la tasa de inter\u00e9s especificada. Los cambios en esas variables pueden afectar el resultado. Reinicie la calculadora usando diferentes cifras para mostrar diferentes escenarios. Los resultados no predicen el rendimiento de la inversi\u00f3n de ninguna cartera de Finhabits y no tienen en cuenta factores econ\u00f3micos o de mercado que puedan afectar el rendimiento.<\/p>\t\t\t\t\t\t\t\t<\/div>\n\t\t\t\t<\/div>\n\t\t\t\t\t<\/div>\n\t\t<\/div>\n\t\t\t\t\t<\/div>\n\t\t<\/section>\n\t\t\t\t<\/div>\n\t\t","protected":false},"excerpt":{"rendered":"<p>Descubre c\u00f3mo crecer\u00eda tu dinero invertido con nuestra calculadora de Finhabits Esta gr\u00e1fica muestra una estimaci\u00f3n de cu\u00e1nto podr\u00eda crecer una inversi\u00f3n con el tiempo seg\u00fan el dep\u00f3sito inicial, contribuciones recurrentes, el tiempo y la tasa de inter\u00e9s especificada. Los cambios en esas variables pueden afectar el resultado. Reinicie la calculadora usando diferentes cifras para [&hellip;]<\/p>\n","protected":false},"author":4,"featured_media":0,"parent":0,"menu_order":0,"comment_status":"closed","ping_status":"closed","template":"elementor_canvas","meta":{"footnotes":""},"class_list":["post-15448","page","type-page","status-publish","hentry"],"yoast_head":"<!-- This site is optimized with the Yoast SEO Premium plugin v27.1 (Yoast SEO v27.1.1) - https:\/\/yoast.com\/product\/yoast-seo-premium-wordpress\/ -->\n<title>Calculadora de inversi\u00f3n Finhabits<\/title>\n<meta name=\"description\" content=\"Proyecta el crecimiento de tu portafolio por aporte, plazo y rendimiento esperado. Mira el inter\u00e9s compuesto en acci\u00f3n y fija metas realistas con Finhabits.\" \/>\n<meta name=\"robots\" content=\"noindex, nofollow\" \/>\n<meta property=\"og:locale\" content=\"es_ES\" \/>\n<meta property=\"og:type\" content=\"article\" \/>\n<meta property=\"og:title\" content=\"appcalculator\" \/>\n<meta property=\"og:description\" content=\"Descubre c\u00f3mo crecer\u00eda tu dinero invertido con nuestra calculadora de Finhabits Esta gr\u00e1fica muestra una estimaci\u00f3n de cu\u00e1nto podr\u00eda crecer una inversi\u00f3n\" \/>\n<meta property=\"og:url\" content=\"https:\/\/www.finhabits.com\/appcalculator\/\" \/>\n<meta property=\"og:site_name\" content=\"Finhabits\" \/>\n<meta property=\"article:publisher\" content=\"https:\/\/www.facebook.com\/Finhabits\" \/>\n<meta property=\"article:modified_time\" content=\"2025-10-08T18:07:33+00:00\" \/>\n<meta property=\"og:image\" content=\"https:\/\/www.finhabits.com\/wp-content\/uploads\/2025\/09\/image-4.png\" \/>\n\t<meta property=\"og:image:width\" content=\"1201\" \/>\n\t<meta property=\"og:image:height\" content=\"919\" \/>\n\t<meta property=\"og:image:type\" content=\"image\/png\" \/>\n<meta name=\"twitter:card\" content=\"summary_large_image\" \/>\n<meta name=\"twitter:label1\" content=\"Est. reading time\" \/>\n\t<meta name=\"twitter:data1\" content=\"1 minute\" \/>\n<!-- \/ Yoast SEO Premium plugin. -->","yoast_head_json":{"title":"Calculadora de inversi\u00f3n Finhabits","description":"Proyecta el crecimiento de tu portafolio por aporte, plazo y rendimiento esperado. Mira el inter\u00e9s compuesto en acci\u00f3n y fija metas realistas con Finhabits.","robots":{"index":"noindex","follow":"nofollow"},"og_locale":"es_ES","og_type":"article","og_title":"appcalculator","og_description":"Descubre c\u00f3mo crecer\u00eda tu dinero invertido con nuestra calculadora de Finhabits Esta gr\u00e1fica muestra una estimaci\u00f3n de cu\u00e1nto podr\u00eda crecer una inversi\u00f3n","og_url":"https:\/\/www.finhabits.com\/appcalculator\/","og_site_name":"Finhabits","article_publisher":"https:\/\/www.facebook.com\/Finhabits","article_modified_time":"2025-10-08T18:07:33+00:00","og_image":[{"width":1201,"height":919,"url":"https:\/\/www.finhabits.com\/wp-content\/uploads\/2025\/09\/image-4.png","type":"image\/png"}],"twitter_card":"summary_large_image","twitter_misc":{"Est. reading time":"1 minute"},"schema":{"@context":"https:\/\/schema.org","@graph":[{"@type":"WebPage","@id":"https:\/\/www.finhabits.com\/appcalculator\/","url":"https:\/\/www.finhabits.com\/appcalculator\/","name":"Calculadora de inversi\u00f3n Finhabits","isPartOf":{"@id":"https:\/\/www.finhabits.com\/#website"},"datePublished":"2024-10-11T21:17:09+00:00","dateModified":"2025-10-08T18:07:33+00:00","description":"Proyecta el crecimiento de tu portafolio por aporte, plazo y rendimiento esperado. Mira el inter\u00e9s compuesto en acci\u00f3n y fija metas realistas con Finhabits.","breadcrumb":{"@id":"https:\/\/www.finhabits.com\/appcalculator\/#breadcrumb"},"inLanguage":"es-US","potentialAction":[{"@type":"ReadAction","target":["https:\/\/www.finhabits.com\/appcalculator\/"]}]},{"@type":"BreadcrumbList","@id":"https:\/\/www.finhabits.com\/appcalculator\/#breadcrumb","itemListElement":[{"@type":"ListItem","position":1,"name":"Home","item":"https:\/\/www.finhabits.com\/es\/"},{"@type":"ListItem","position":2,"name":"appcalculator"}]},{"@type":"WebSite","@id":"https:\/\/www.finhabits.com\/#website","url":"https:\/\/www.finhabits.com\/","name":"Finhabits: C\u00f3mo invertir en la bolsa de valores - Descarga la App","description":"Invierte, Health Insurance, Retirement","publisher":{"@id":"https:\/\/www.finhabits.com\/#organization"},"potentialAction":[{"@type":"SearchAction","target":{"@type":"EntryPoint","urlTemplate":"https:\/\/www.finhabits.com\/?s={search_term_string}"},"query-input":{"@type":"PropertyValueSpecification","valueRequired":true,"valueName":"search_term_string"}}],"inLanguage":"es-US"},{"@type":"Organization","@id":"https:\/\/www.finhabits.com\/#organization","name":"FINHABITS","url":"https:\/\/www.finhabits.com\/","logo":{"@type":"ImageObject","inLanguage":"es-US","@id":"https:\/\/www.finhabits.com\/#\/schema\/logo\/image\/","url":"https:\/\/www.finhabits.com\/wp-content\/uploads\/2024\/03\/finhabits-logo-696.jpg","contentUrl":"https:\/\/www.finhabits.com\/wp-content\/uploads\/2024\/03\/finhabits-logo-696.jpg","width":696,"height":696,"caption":"FINHABITS"},"image":{"@id":"https:\/\/www.finhabits.com\/#\/schema\/logo\/image\/"},"sameAs":["https:\/\/www.facebook.com\/Finhabits","https:\/\/www.instagram.com\/finhabits\/","https:\/\/www.youtube.com\/channel\/UCZ3IANIWHqEKFXWH5MHn9JQ"]}]}},"_links":{"self":[{"href":"https:\/\/www.finhabits.com\/es\/wp-json\/wp\/v2\/pages\/15448","targetHints":{"allow":["GET"]}}],"collection":[{"href":"https:\/\/www.finhabits.com\/es\/wp-json\/wp\/v2\/pages"}],"about":[{"href":"https:\/\/www.finhabits.com\/es\/wp-json\/wp\/v2\/types\/page"}],"author":[{"embeddable":true,"href":"https:\/\/www.finhabits.com\/es\/wp-json\/wp\/v2\/users\/4"}],"replies":[{"embeddable":true,"href":"https:\/\/www.finhabits.com\/es\/wp-json\/wp\/v2\/comments?post=15448"}],"version-history":[{"count":3,"href":"https:\/\/www.finhabits.com\/es\/wp-json\/wp\/v2\/pages\/15448\/revisions"}],"predecessor-version":[{"id":32397,"href":"https:\/\/www.finhabits.com\/es\/wp-json\/wp\/v2\/pages\/15448\/revisions\/32397"}],"wp:attachment":[{"href":"https:\/\/www.finhabits.com\/es\/wp-json\/wp\/v2\/media?parent=15448"}],"curies":[{"name":"wp","href":"https:\/\/api.w.org\/{rel}","templated":true}]}}