{"id":18566,"date":"2025-04-08T11:57:34","date_gmt":"2025-04-08T18:57:34","guid":{"rendered":"https:\/\/finhabits.com\/?page_id=18566"},"modified":"2025-10-08T14:03:38","modified_gmt":"2025-10-08T18:03:38","slug":"form","status":"publish","type":"page","link":"https:\/\/www.finhabits.com\/es\/seguros\/form\/","title":{"rendered":"Seguros &#8211; Form"},"content":{"rendered":"\t\t<div data-elementor-type=\"wp-page\" data-elementor-id=\"18566\" class=\"elementor elementor-18566\" data-elementor-post-type=\"page\">\n\t\t\t\t\t\t<section class=\"elementor-section elementor-top-section elementor-element elementor-element-b2a1874 elementor-section-boxed elementor-section-height-default elementor-section-height-default\" data-id=\"b2a1874\" data-element_type=\"section\" data-e-type=\"section\">\n\t\t\t\t\t\t<div class=\"elementor-container elementor-column-gap-default\">\n\t\t\t\t\t<div class=\"elementor-column elementor-col-100 elementor-top-column elementor-element elementor-element-46bb244\" data-id=\"46bb244\" data-element_type=\"column\" data-e-type=\"column\">\n\t\t\t<div class=\"elementor-widget-wrap elementor-element-populated\">\n\t\t\t\t\t\t<div class=\"elementor-element elementor-element-5428cf0 elementor-widget__width-auto elementor-widget elementor-widget-image\" data-id=\"5428cf0\" data-element_type=\"widget\" data-e-type=\"widget\" data-widget_type=\"image.default\">\n\t\t\t\t<div class=\"elementor-widget-container\">\n\t\t\t\t\t\t\t\t\t\t\t\t\t\t\t<img decoding=\"async\" width=\"693\" height=\"128\" src=\"https:\/\/www.finhabits.com\/wp-content\/uploads\/2025\/04\/logoFinhabits.svg\" class=\"attachment-large size-large wp-image-18442\" alt=\"logo Finhabits - investing and financial planning\" \/>\t\t\t\t\t\t\t\t\t\t\t\t\t\t\t<\/div>\n\t\t\t\t<\/div>\n\t\t\t\t<section class=\"elementor-section elementor-inner-section elementor-element elementor-element-b7c58ea elementor-section-boxed elementor-section-height-default elementor-section-height-default\" data-id=\"b7c58ea\" data-element_type=\"section\" data-e-type=\"section\">\n\t\t\t\t\t\t<div class=\"elementor-container elementor-column-gap-no\">\n\t\t\t\t\t<div class=\"elementor-column elementor-col-100 elementor-inner-column elementor-element elementor-element-0e5a9e3\" data-id=\"0e5a9e3\" data-element_type=\"column\" data-e-type=\"column\">\n\t\t\t<div class=\"elementor-widget-wrap elementor-element-populated\">\n\t\t\t\t\t\t<div class=\"elementor-element elementor-element-549994f elementor-widget__width-inherit elementor-widget elementor-widget-heading\" data-id=\"549994f\" data-element_type=\"widget\" data-e-type=\"widget\" data-widget_type=\"heading.default\">\n\t\t\t\t<div class=\"elementor-widget-container\">\n\t\t\t\t\t<h2 class=\"elementor-heading-title elementor-size-default\">Powered By:<\/h2>\t\t\t\t<\/div>\n\t\t\t\t<\/div>\n\t\t\t\t<div class=\"elementor-element elementor-element-b42d834 elementor-widget elementor-widget-image\" data-id=\"b42d834\" data-element_type=\"widget\" data-e-type=\"widget\" data-widget_type=\"image.default\">\n\t\t\t\t<div class=\"elementor-widget-container\">\n\t\t\t\t\t\t\t\t\t\t\t\t\t\t\t<img decoding=\"async\" width=\"200\" height=\"97\" src=\"https:\/\/www.finhabits.com\/wp-content\/uploads\/2025\/04\/OCI-Test-V3-logo.jpg\" class=\"attachment-large size-large wp-image-19405\" alt=\"\" \/>\t\t\t\t\t\t\t\t\t\t\t\t\t\t\t<\/div>\n\t\t\t\t<\/div>\n\t\t\t\t\t<\/div>\n\t\t<\/div>\n\t\t\t\t\t<\/div>\n\t\t<\/section>\n\t\t\t\t<div class=\"elementor-element elementor-element-ddc737b elementor-widget__width-auto elementor-widget elementor-widget-heading\" data-id=\"ddc737b\" data-element_type=\"widget\" data-e-type=\"widget\" data-widget_type=\"heading.default\">\n\t\t\t\t<div class=\"elementor-widget-container\">\n\t\t\t\t\t<h2 class=\"elementor-heading-title elementor-size-default\">Obt\u00e9n cotizaciones de seguros r\u00e1pidas y econ\u00f3micas con un solo formulario sencillo<\/h2>\t\t\t\t<\/div>\n\t\t\t\t<\/div>\n\t\t\t\t\t<\/div>\n\t\t<\/div>\n\t\t\t\t\t<\/div>\n\t\t<\/section>\n\t\t\t\t<section class=\"elementor-section elementor-top-section elementor-element elementor-element-e04e4b9 elementor-section-boxed elementor-section-height-default elementor-section-height-default\" data-id=\"e04e4b9\" data-element_type=\"section\" data-e-type=\"section\">\n\t\t\t\t\t\t<div class=\"elementor-container elementor-column-gap-default\">\n\t\t\t\t\t<div class=\"elementor-column elementor-col-100 elementor-top-column elementor-element elementor-element-8e30db3\" data-id=\"8e30db3\" data-element_type=\"column\" data-e-type=\"column\">\n\t\t\t<div class=\"elementor-widget-wrap elementor-element-populated\">\n\t\t\t\t\t\t<div class=\"elementor-element elementor-element-6b91cb4 elementor-widget elementor-widget-html\" data-id=\"6b91cb4\" data-element_type=\"widget\" data-e-type=\"widget\" data-widget_type=\"html.default\">\n\t\t\t\t<div class=\"elementor-widget-container\">\n\t\t\t\t\t<div id=\"peSKwMJRFkLTgD0ssuiJ9O2L8E03pQ\"><\/div>\n<script type=\"text\/javascript\">\nvar parts = window.location.search.substr(1).split(\"&\");\nvar $_GET = {};\nfor (var i = 0; i < parts.length; i++) {\n    var temp = parts[i].split(\"=\");\n    $_GET[decodeURIComponent(temp[0])] = decodeURIComponent(temp[1]);\n}\n\/* Finhabits \/ Auto Clicks - Organic *\/\nif($_GET['user_id'] != null){\nvar MediaAlphaExchange = {\n   \"data\": {\n      \"zip\": \"auto\"\n   },\n   \"placement_id\": \"peSKwMJRFkLTgD0ssuiJ9O2L8E03pQ\",\n   \"sub_1\":$_GET['user_id'],\n   \"type\": \"ad_unit\",\n   \"version\": 17\n};\n}else{\n   var MediaAlphaExchange = {\n   \"data\": {\n      \"zip\": \"auto\"\n   },\n   \"placement_id\": \"peSKwMJRFkLTgD0ssuiJ9O2L8E03pQ\",\n   \"type\": \"ad_unit\",\n   \"version\": 17\n}; \n}\nMediaAlphaExchange__load('peSKwMJRFkLTgD0ssuiJ9O2L8E03pQ');\n<\/script>\t\t\t\t<\/div>\n\t\t\t\t<\/div>\n\t\t\t\t<div class=\"elementor-element elementor-element-163be9b elementor-absolute elementor-widget elementor-widget-spacer\" data-id=\"163be9b\" data-element_type=\"widget\" data-e-type=\"widget\" data-settings=\"{&quot;_position&quot;:&quot;absolute&quot;}\" data-widget_type=\"spacer.default\">\n\t\t\t\t<div class=\"elementor-widget-container\">\n\t\t\t\t\t\t\t<div class=\"elementor-spacer\">\n\t\t\t<div class=\"elementor-spacer-inner\"><\/div>\n\t\t<\/div>\n\t\t\t\t\t\t<\/div>\n\t\t\t\t<\/div>\n\t\t\t\t\t<\/div>\n\t\t<\/div>\n\t\t\t\t\t<\/div>\n\t\t<\/section>\n\t\t\t\t<\/div>\n\t\t","protected":false},"excerpt":{"rendered":"<p>Powered By: Obt\u00e9n cotizaciones de seguros r\u00e1pidas y econ\u00f3micas con un solo formulario sencillo<\/p>\n","protected":false},"author":4,"featured_media":0,"parent":16180,"menu_order":0,"comment_status":"closed","ping_status":"closed","template":"elementor_canvas","meta":{"footnotes":""},"class_list":["post-18566","page","type-page","status-publish","hentry"],"yoast_head":"<!-- This site is optimized with the Yoast SEO Premium plugin v27.1 (Yoast SEO v27.1.1) - https:\/\/yoast.com\/product\/yoast-seo-premium-wordpress\/ -->\n<title>Seguros - Form - Finhabits<\/title>\n<meta name=\"description\" content=\"Powered By:  Obt\u00e9n cotizaciones de seguros r\u00e1pidas y econ\u00f3micas con un solo formulario sencillo\" \/>\n<meta name=\"robots\" content=\"noindex, nofollow\" \/>\n<meta property=\"og:locale\" content=\"es_ES\" \/>\n<meta property=\"og:type\" content=\"article\" \/>\n<meta property=\"og:title\" content=\"Seguros - Form\" \/>\n<meta property=\"og:description\" content=\"Powered By:  Obt\u00e9n cotizaciones de seguros r\u00e1pidas y econ\u00f3micas con un solo formulario sencillo\" \/>\n<meta property=\"og:url\" content=\"https:\/\/www.finhabits.com\/es\/seguros\/form\/\" \/>\n<meta property=\"og:site_name\" content=\"Finhabits\" \/>\n<meta property=\"article:publisher\" content=\"https:\/\/www.facebook.com\/Finhabits\" \/>\n<meta property=\"article:modified_time\" content=\"2025-10-08T18:03:38+00:00\" \/>\n<meta property=\"og:image\" content=\"https:\/\/www.finhabits.com\/wp-content\/uploads\/2025\/04\/logoFinhabits.svg\" \/>\n<meta name=\"twitter:card\" content=\"summary_large_image\" \/>\n<meta name=\"twitter:label1\" content=\"Est. reading time\" \/>\n\t<meta name=\"twitter:data1\" content=\"1 minute\" \/>\n<!-- \/ Yoast SEO Premium plugin. -->","yoast_head_json":{"title":"Seguros - Form - Finhabits","description":"Powered By:  Obt\u00e9n cotizaciones de seguros r\u00e1pidas y econ\u00f3micas con un solo formulario sencillo","robots":{"index":"noindex","follow":"nofollow"},"og_locale":"es_ES","og_type":"article","og_title":"Seguros - Form","og_description":"Powered By:  Obt\u00e9n cotizaciones de seguros r\u00e1pidas y econ\u00f3micas con un solo formulario sencillo","og_url":"https:\/\/www.finhabits.com\/es\/seguros\/form\/","og_site_name":"Finhabits","article_publisher":"https:\/\/www.facebook.com\/Finhabits","article_modified_time":"2025-10-08T18:03:38+00:00","og_image":[{"url":"https:\/\/www.finhabits.com\/wp-content\/uploads\/2025\/04\/logoFinhabits.svg","type":"","width":"","height":""}],"twitter_card":"summary_large_image","twitter_misc":{"Est. reading time":"1 minute"},"schema":{"@context":"https:\/\/schema.org","@graph":[{"@type":"WebPage","@id":"https:\/\/www.finhabits.com\/es\/seguros\/form\/","url":"https:\/\/www.finhabits.com\/es\/seguros\/form\/","name":"Seguros - Form - Finhabits","isPartOf":{"@id":"https:\/\/www.finhabits.com\/#website"},"primaryImageOfPage":{"@id":"https:\/\/www.finhabits.com\/es\/seguros\/form\/#primaryimage"},"image":{"@id":"https:\/\/www.finhabits.com\/es\/seguros\/form\/#primaryimage"},"thumbnailUrl":"https:\/\/www.finhabits.com\/wp-content\/uploads\/2025\/04\/logoFinhabits.svg","datePublished":"2025-04-08T18:57:34+00:00","dateModified":"2025-10-08T18:03:38+00:00","description":"Powered By: Obt\u00e9n cotizaciones de seguros r\u00e1pidas y econ\u00f3micas con un solo formulario sencillo","breadcrumb":{"@id":"https:\/\/www.finhabits.com\/es\/seguros\/form\/#breadcrumb"},"inLanguage":"es-US","potentialAction":[{"@type":"ReadAction","target":["https:\/\/www.finhabits.com\/es\/seguros\/form\/"]}]},{"@type":"ImageObject","inLanguage":"es-US","@id":"https:\/\/www.finhabits.com\/es\/seguros\/form\/#primaryimage","url":"https:\/\/www.finhabits.com\/wp-content\/uploads\/2025\/04\/logoFinhabits.svg","contentUrl":"https:\/\/www.finhabits.com\/wp-content\/uploads\/2025\/04\/logoFinhabits.svg"},{"@type":"BreadcrumbList","@id":"https:\/\/www.finhabits.com\/es\/seguros\/form\/#breadcrumb","itemListElement":[{"@type":"ListItem","position":1,"name":"Home","item":"https:\/\/www.finhabits.com\/es\/"},{"@type":"ListItem","position":2,"name":"Seguros","item":"https:\/\/www.finhabits.com\/es\/seguros\/"},{"@type":"ListItem","position":3,"name":"Seguros &#8211; Form"}]},{"@type":"WebSite","@id":"https:\/\/www.finhabits.com\/#website","url":"https:\/\/www.finhabits.com\/","name":"Finhabits: C\u00f3mo invertir en la bolsa de valores - Descarga la App","description":"Invierte, Health Insurance, Retirement","publisher":{"@id":"https:\/\/www.finhabits.com\/#organization"},"potentialAction":[{"@type":"SearchAction","target":{"@type":"EntryPoint","urlTemplate":"https:\/\/www.finhabits.com\/?s={search_term_string}"},"query-input":{"@type":"PropertyValueSpecification","valueRequired":true,"valueName":"search_term_string"}}],"inLanguage":"es-US"},{"@type":"Organization","@id":"https:\/\/www.finhabits.com\/#organization","name":"FINHABITS","url":"https:\/\/www.finhabits.com\/","logo":{"@type":"ImageObject","inLanguage":"es-US","@id":"https:\/\/www.finhabits.com\/#\/schema\/logo\/image\/","url":"https:\/\/www.finhabits.com\/wp-content\/uploads\/2024\/03\/finhabits-logo-696.jpg","contentUrl":"https:\/\/www.finhabits.com\/wp-content\/uploads\/2024\/03\/finhabits-logo-696.jpg","width":696,"height":696,"caption":"FINHABITS"},"image":{"@id":"https:\/\/www.finhabits.com\/#\/schema\/logo\/image\/"},"sameAs":["https:\/\/www.facebook.com\/Finhabits","https:\/\/www.instagram.com\/finhabits\/","https:\/\/www.youtube.com\/channel\/UCZ3IANIWHqEKFXWH5MHn9JQ"]}]}},"_links":{"self":[{"href":"https:\/\/www.finhabits.com\/es\/wp-json\/wp\/v2\/pages\/18566","targetHints":{"allow":["GET"]}}],"collection":[{"href":"https:\/\/www.finhabits.com\/es\/wp-json\/wp\/v2\/pages"}],"about":[{"href":"https:\/\/www.finhabits.com\/es\/wp-json\/wp\/v2\/types\/page"}],"author":[{"embeddable":true,"href":"https:\/\/www.finhabits.com\/es\/wp-json\/wp\/v2\/users\/4"}],"replies":[{"embeddable":true,"href":"https:\/\/www.finhabits.com\/es\/wp-json\/wp\/v2\/comments?post=18566"}],"version-history":[{"count":2,"href":"https:\/\/www.finhabits.com\/es\/wp-json\/wp\/v2\/pages\/18566\/revisions"}],"predecessor-version":[{"id":33028,"href":"https:\/\/www.finhabits.com\/es\/wp-json\/wp\/v2\/pages\/18566\/revisions\/33028"}],"up":[{"embeddable":true,"href":"https:\/\/www.finhabits.com\/es\/wp-json\/wp\/v2\/pages\/16180"}],"wp:attachment":[{"href":"https:\/\/www.finhabits.com\/es\/wp-json\/wp\/v2\/media?parent=18566"}],"curies":[{"name":"wp","href":"https:\/\/api.w.org\/{rel}","templated":true}]}}